{"id":935,"date":"2022-03-06T15:06:44","date_gmt":"2022-03-06T15:06:44","guid":{"rendered":"https:\/\/alanfilms.com.tr\/?page_id=935"},"modified":"2022-04-06T15:05:09","modified_gmt":"2022-04-06T15:05:09","slug":"neler-yapiyoruz","status":"publish","type":"page","link":"https:\/\/alanfilms.com.tr\/tr\/neler-yapiyoruz\/","title":{"rendered":"Neler Yap\u0131yoruz"},"content":{"rendered":"<section id=\"hizmetlerimiz\" class=\"bg-fixed relative vc_row wpb_row vc_custom_1646581200350 vc_row-has-fill\"><div class=\"container\"><div class=\"rows\"><div class=\"wpb_column vc_column_container sixteen columns\"><div class=\"\"><div class=\"wpb_wrapper \">\t\r\n\t<div class=\"section-header-text-left\">\r\n\t\t<h4>Her A\u00e7\u0131dan G\u00fcvenilir Hizmet Bu Alan\u2019da<b>!<\/b><\/h4>\t\t<p>Siz D\u00fc\u015fleyin Biz Ger\u00e7ekle\u015ftirelim<br \/>\nHer Mek\u00e2nda ve Her Yerde Profesyonel \u00c7\u00f6z\u00fcmler<\/p>\t\t<div class=\"line-header\"><\/div>\r\n\t<\/div>\r\n\t<\/div><\/div><\/div><\/div><\/div><\/section><section class=\"bg-fixed relative vc_row wpb_row vc_custom_1425351785781 vc_row-has-fill\"><div class=\"container\"><div class=\"rows\"><div class=\"wpb_column vc_column_container one-third column\"><div class=\"\"><div class=\"wpb_wrapper \">\r\n\t\t\t\t\t\t<div class=\"services-box\">\r\n\t\t\t\t<h6><span><i class=\"fa fa-pencil\"><\/i><\/span> PRE-PROD\u00dcKS\u0130YON<\/h6>\r\n\t\t\t\t\u25aa Senaryo ve Konsept \u00dcretimi<br \/>\n\u25aa Medya Planlama ve Sat\u0131n Alma<br \/>\n\u25aa Cast<br \/>\n\u2022 Oyuncu Se\u00e7imi<br \/>\n\u2022 Marka Y\u00fcz\u00fc ve Celebrity Se\u00e7imi\t\t\t<\/div>\r\n\t\t\t\r\n<\/div><\/div><\/div><div class=\"wpb_column vc_column_container one-third column\"><div class=\"\"><div class=\"wpb_wrapper \">\r\n\t\t\t\t\t\t<div class=\"services-box\">\r\n\t\t\t\t<h6><span><i class=\"fa fa-video\"><\/i><\/span> PROD\u00dcKS\u0130YON<\/h6>\r\n\t\t\t\t\u2022 Tan\u0131t\u0131m Filmi<br \/>\no \u015eirket Tan\u0131t\u0131m Videosu<br \/>\no Firma Tan\u0131t\u0131m Videosu<br \/>\no Kurumsal Tan\u0131t\u0131m Videosu<br \/>\no Animasyon Tan\u0131t\u0131m Videosu<br \/>\n\u2022 Reklam Filmi<br \/>\n\u2022 Dijital Film<br \/>\no YouTube Videosu<br \/>\no Sosyal Medya Videosu (Reels, Shorts vb.)<br \/>\n\u2022 Film<br \/>\n\u2022 K\u0131sa ve Uzun Metrajl\u0131 Film<br \/>\n\u2022 Sinema Filmi<br \/>\n\u2022 TV Filmi<br \/>\n\u2022 Belgesel Film<br \/>\n\u2022 Kamu Spotu<br \/>\n\u2022 \u00d6zel Video ve Foto\u011fraf \u00c7ekimi<br \/>\n\u2022 \u00dcr\u00fcn ve Model \u00c7ekimi<br \/>\n\u2022 E\u011flence ve Akt\u00fcel Video \u00c7ekimi<br \/>\n\u2022 360 Derece Video ve Foto\u011fraf \u00c7ekimi<br \/>\n\u2022 E\u011fitim Videosu \u00c7ekimi<br \/>\n\u2022 Drone \u00c7ekimi ve Uzaktan \u00c7ekim<br \/>\n\u2022 Yay\u0131n<br \/>\n\u2022 Canl\u0131 Yay\u0131n<br \/>\n\u2022 Webinar: Dijital Platformlardan Yay\u0131n<br \/>\n\u2022 M\u00fczik<br \/>\n\u2022 Klip \u00c7ekimi<br \/>\n\u2022 \u00d6zg\u00fcn M\u00fczik \u00dcretimi<br \/>\n\u2022 Reklam Jingle \u00dcretimi\t\t\t<\/div>\r\n\t\t\t\r\n<\/div><\/div><\/div><div class=\"wpb_column vc_column_container one-third column\"><div class=\"\"><div class=\"wpb_wrapper \">\r\n\t\t\t\t\t\t<div class=\"services-box\">\r\n\t\t\t\t<h6><span><i class=\"fa fa-picture-o\"><\/i><\/span> POST PROD\u00dcKS\u0130YON<\/h6>\r\n\t\t\t\t\u25aa Kurgu<br \/>\n\u25aa Editing ve Montaj<br \/>\n\u25aa Compositing<br \/>\n\u25aa Renk D\u00fczenleme<br \/>\n\u25aa 2D ve 3D Animasyon<br \/>\n\u25aa Dublaj ve Profesyonel Seslendirme<br \/>\n\u25aa Ses Efekti<br \/>\n\u25aa G\u00f6rsel Efekt<br \/>\n\u25aa Animasyon<br \/>\n\u25aa Ses Miksaj\u0131<br \/>\n\u25aa Transcoding\t\t\t<\/div>\r\n\t\t\t\r\n<\/div><\/div><\/div><\/div><\/div><\/section>\n","protected":false},"excerpt":{"rendered":"Her A\u00e7\u0131dan G\u00fcvenilir Hizmet Bu Alan\u2019da! Siz D\u00fc\u015fleyin Biz Ger\u00e7ekle\u015ftirelim Her Mek\u00e2nda ve Her Yerde Profesyonel \u00c7\u00f6z\u00fcmler PRE-PROD\u00dcKS\u0130YON \u25aa Senaryo ve Konsept \u00dcretimi \u25aa Medya Planlama ve Sat\u0131n Alma \u25aa Cast \u2022 Oyuncu Se\u00e7imi \u2022 Marka Y\u00fcz\u00fc ve Celebrity Se\u00e7imi PROD\u00dcKS\u0130YON \u2022 Tan\u0131t\u0131m Filmi o \u015eirket Tan\u0131t\u0131m Videosu o Firma Tan\u0131t\u0131m Videosu o Kurumsal Tan\u0131t\u0131m [...]","protected":false},"author":1,"featured_media":0,"parent":0,"menu_order":0,"comment_status":"closed","ping_status":"closed","template":"page-templates\/page-fullwidth.php","meta":{"footnotes":""},"class_list":["post-935","page","type-page","status-publish","hentry"],"_links":{"self":[{"href":"https:\/\/alanfilms.com.tr\/tr\/wp-json\/wp\/v2\/pages\/935","targetHints":{"allow":["GET"]}}],"collection":[{"href":"https:\/\/alanfilms.com.tr\/tr\/wp-json\/wp\/v2\/pages"}],"about":[{"href":"https:\/\/alanfilms.com.tr\/tr\/wp-json\/wp\/v2\/types\/page"}],"author":[{"embeddable":true,"href":"https:\/\/alanfilms.com.tr\/tr\/wp-json\/wp\/v2\/users\/1"}],"replies":[{"embeddable":true,"href":"https:\/\/alanfilms.com.tr\/tr\/wp-json\/wp\/v2\/comments?post=935"}],"version-history":[{"count":15,"href":"https:\/\/alanfilms.com.tr\/tr\/wp-json\/wp\/v2\/pages\/935\/revisions"}],"predecessor-version":[{"id":1125,"href":"https:\/\/alanfilms.com.tr\/tr\/wp-json\/wp\/v2\/pages\/935\/revisions\/1125"}],"wp:attachment":[{"href":"https:\/\/alanfilms.com.tr\/tr\/wp-json\/wp\/v2\/media?parent=935"}],"curies":[{"name":"wp","href":"https:\/\/api.w.org\/{rel}","templated":true}]}}