{"id":878,"date":"2022-03-04T16:57:25","date_gmt":"2022-03-04T16:57:25","guid":{"rendered":"https:\/\/alanfilms.com.tr\/berk-alan-2\/"},"modified":"2022-04-06T14:52:45","modified_gmt":"2022-04-06T14:52:45","slug":"esra-sancakli","status":"publish","type":"page","link":"https:\/\/alanfilms.com.tr\/tr\/esra-sancakli\/","title":{"rendered":"Esra Sancakl\u0131"},"content":{"rendered":"<section class=\"bg-fixed relative vc_row wpb_row\"><div class=\"container\"><div class=\"rows\"><div class=\"wpb_column vc_column_container sixteen columns\"><div class=\"\"><div class=\"wpb_wrapper \">\t\r\n\t<div class=\"home-top\" style=\"background-image:url(https:\/\/alanfilms.com.tr\/wp-content\/uploads\/2022\/03\/esrasancakli.jpeg);\">\r\n\t\t<div class=\"cd-intro\">\r\n\t\t\t<h1>Esra Sancakl\u0131<\/h1>\t\t<\/div>\r\n\t\t<div class=\"small-text\">\u0130nsan Kaynaklar\u0131 M\u00fcd\u00fcr\u00fc<\/div>\t\t<a href=\"#scroll-link\" class=\"scroll scroll-down\"><\/a>\r\n\t<\/div>\r\n\t\r\n\t<div class=\"social-top\">\r\n\t\t<ul class=\"list-social\">\r\n\t\t\t\t\t\t\t<li class=\"icon-soc tipped\" data-title=\"envelope\"  data-tipper-options='{\"direction\":\"top\",\"follow\":\"true\"}'>\r\n\t\t\t\t\t<a target=\"_blank\" href=\"mailto:esra@alanfilms.com.tr\"><i class=\"fa fa-envelope\"><\/i><\/a>\r\n\t\t\t\t<\/li>\r\n\t\t\t\t\t\t\t\t\t\t<li class=\"icon-soc tipped\" data-title=\"linkedin\"  data-tipper-options='{\"direction\":\"top\",\"follow\":\"true\"}'>\r\n\t\t\t\t\t<a target=\"_blank\" href=\"https:\/\/www.linkedin.com\/in\/esra-sancakl%C4%B1-467a4265\/\"><i class=\"fa fa-linkedin\"><\/i><\/a>\r\n\t\t\t\t<\/li>\r\n\t\t\t\t\t\t\t\t\t\t\t\t\t\t<\/ul>\t\r\n\t<\/div>\r\n\r\n<\/div><\/div><\/div><\/div><\/div><\/section><section id=\"scroll-link\" class=\"bg-fixed relative vc_row wpb_row\"><div class=\"container\"><div class=\"rows\"><div class=\"wpb_column vc_column_container sixteen columns\"><div class=\"\"><div class=\"wpb_wrapper \">\t\r\n\t<div class=\"cd-half-block\">\r\n\t\t<div class=\"bg-block\" style=\"background-image:url(https:\/\/alanfilms.com.tr\/wp-content\/uploads\/2022\/03\/esrasancakli.jpeg);\"><\/div>\r\n\t<\/div>\r\n\t<div class=\"cd-half-block\">\r\n\t\t<div class=\"block-text\">\r\n\t\t\t<h2>Esra Sancakl\u0131<b>.<\/b><\/h2>\t\t\t<p>\u0130nsan Kaynaklar\u0131 alan\u0131nda bir\u00e7ok \u00f6nemli sekt\u00f6rdeki firmada deneyim kazanan Esra Sancakl\u0131; \u0130\u015fe Al\u0131m, E\u011fitim ve Geli\u015ftirme, Yetenek Y\u00f6netimi, Organizasyonel Geli\u015fim, \u00c7al\u0131\u015fan \u0130li\u015fkileri ve Performans Y\u00f6netimi konular\u0131nda yetkin olup, halen \u0130nsan Kaynaklar\u0131 M\u00fcd\u00fcr\u00fc olarak \u00e7al\u0131\u015fmalar\u0131n\u0131 ba\u015far\u0131 ile s\u00fcrd\u00fcrmektedir.<\/p>\t\t\t\t\t<\/div>\r\n\t<\/div>\r\n\r\n<\/div><\/div><\/div><\/div><\/div><\/section>\n","protected":false},"excerpt":{"rendered":"Esra Sancakl\u0131 \u0130nsan Kaynaklar\u0131 M\u00fcd\u00fcr\u00fc Esra Sancakl\u0131. \u0130nsan Kaynaklar\u0131 alan\u0131nda bir\u00e7ok \u00f6nemli sekt\u00f6rdeki firmada deneyim kazanan Esra Sancakl\u0131; \u0130\u015fe Al\u0131m, E\u011fitim ve Geli\u015ftirme, Yetenek Y\u00f6netimi, Organizasyonel Geli\u015fim, \u00c7al\u0131\u015fan \u0130li\u015fkileri ve Performans Y\u00f6netimi konular\u0131nda yetkin olup, halen \u0130nsan Kaynaklar\u0131 M\u00fcd\u00fcr\u00fc olarak \u00e7al\u0131\u015fmalar\u0131n\u0131 ba\u015far\u0131 ile s\u00fcrd\u00fcrmektedir.","protected":false},"author":1,"featured_media":0,"parent":0,"menu_order":0,"comment_status":"closed","ping_status":"closed","template":"page-templates\/template-canvas.php","meta":{"footnotes":""},"class_list":["post-878","page","type-page","status-publish","hentry"],"_links":{"self":[{"href":"https:\/\/alanfilms.com.tr\/tr\/wp-json\/wp\/v2\/pages\/878","targetHints":{"allow":["GET"]}}],"collection":[{"href":"https:\/\/alanfilms.com.tr\/tr\/wp-json\/wp\/v2\/pages"}],"about":[{"href":"https:\/\/alanfilms.com.tr\/tr\/wp-json\/wp\/v2\/types\/page"}],"author":[{"embeddable":true,"href":"https:\/\/alanfilms.com.tr\/tr\/wp-json\/wp\/v2\/users\/1"}],"replies":[{"embeddable":true,"href":"https:\/\/alanfilms.com.tr\/tr\/wp-json\/wp\/v2\/comments?post=878"}],"version-history":[{"count":9,"href":"https:\/\/alanfilms.com.tr\/tr\/wp-json\/wp\/v2\/pages\/878\/revisions"}],"predecessor-version":[{"id":1130,"href":"https:\/\/alanfilms.com.tr\/tr\/wp-json\/wp\/v2\/pages\/878\/revisions\/1130"}],"wp:attachment":[{"href":"https:\/\/alanfilms.com.tr\/tr\/wp-json\/wp\/v2\/media?parent=878"}],"curies":[{"name":"wp","href":"https:\/\/api.w.org\/{rel}","templated":true}]}}