{"id":841,"date":"2022-03-04T15:11:27","date_gmt":"2022-03-04T15:11:27","guid":{"rendered":"https:\/\/alanfilms.com.tr\/hakkimizda-2\/"},"modified":"2022-04-06T14:52:01","modified_gmt":"2022-04-06T14:52:01","slug":"ekip","status":"publish","type":"page","link":"https:\/\/alanfilms.com.tr\/tr\/ekip\/","title":{"rendered":"Ekip"},"content":{"rendered":"<section id=\"ekip\" class=\"bg-fixed relative vc_row wpb_row vc_custom_1646411815980 vc_row-has-fill\"><div class=\"container\"><div class=\"rows\"><div class=\"wpb_column vc_column_container one-third column\"><div class=\"\"><div class=\"wpb_wrapper \"><\/div><\/div><\/div><div class=\"wpb_column vc_column_container one-third column\"><div class=\"\"><div class=\"wpb_wrapper \">\t\r\n\t<div class=\"team-wrap\">\t\r\n\t\t<img decoding=\"async\" src=\"https:\/\/alanfilms.com.tr\/wp-content\/uploads\/2022\/03\/berkalan3.png\" alt=\"\">\r\n\t\t<div class=\"mask-team\">\r\n\t\t\t<h6>Berk Alan<\/h6>\t\t\t<p><span>Kurucu\/Y\u00f6netmen<\/span><\/p>\t\t\t\t\t\t<div class=\"social-team\">\r\n\t\t\t\t<ul class=\"list-social-team\">\r\n\t\t\t\t\t\t\t\t\t\t<li class=\"icon-soc-team\">\r\n\t\t\t\t\t\t<a href=\"mailto:berk@alanfilms.com.tr\" target=\"_blank\"><i class=\"fa fa-envelope\"><\/i><\/a>\t\t\t\t\t<\/li>\r\n\t\t\t\t\t\t\t\t\t\t\t\t\t\t\t<li class=\"icon-soc-team\">\r\n\t\t\t\t\t\t<a href=\"https:\/\/www.linkedin.com\/in\/berkalan\/\" target=\"_blank\"><i class=\"fa fa-linkedin\"><\/i><\/a>\t\t\t\t\t<\/li>\r\n\t\t\t\t\t\t\t\t\t\t\t\t\t\t\t<li class=\"icon-soc-team\">\r\n\t\t\t\t\t\t<a href=\"https:\/\/www.instagram.com\/berkalantf\" target=\"_blank\"><i class=\"fa fa-instagram\"><\/i><\/a>\t\t\t\t\t<\/li>\r\n\t\t\t\t\t\t\t\t\t\t\t\t\t\t\t<li class=\"icon-soc-team\">\r\n\t\t\t\t\t\t<a href=\"https:\/\/vimeo.com\/berkalan\" target=\"_blank\"><i class=\"fa fa-vimeo\"><\/i><\/a>\t\t\t\t\t<\/li>\r\n\t\t\t\t\t\t\t\t\t<\/ul>\t\r\n\t\t\t<\/div>\r\n\t\t<\/div>\r\n\t<\/div>\r\n\r\n\t\t\r\n\t<a href=\"https:\/\/alanfilms.com.tr\/berk-alan\/\" class=\"btn-projects\">Biyografi<\/a>\r\n\r\n<\/div><\/div><\/div><div class=\"wpb_column vc_column_container one-third column\"><div class=\"\"><div class=\"wpb_wrapper \"><\/div><\/div><\/div><\/div><\/div><\/section><section id=\"ekip\" class=\"bg-fixed relative vc_row wpb_row vc_custom_1646411815980 vc_row-has-fill\"><div class=\"container\"><div class=\"rows\"><div class=\"wpb_column vc_column_container four columns\"><div class=\"\"><div class=\"wpb_wrapper \"><\/div><\/div><\/div><div class=\"wpb_column vc_column_container four columns\"><div class=\"\"><div class=\"wpb_wrapper \">\t\r\n\t<div class=\"team-wrap\">\t\r\n\t\t<img decoding=\"async\" src=\"https:\/\/alanfilms.com.tr\/wp-content\/uploads\/2022\/03\/sayginayyildiz.png\" alt=\"\">\r\n\t\t<div class=\"mask-team\">\r\n\t\t\t<h6>Sayg\u0131n Ayy\u0131ld\u0131z<\/h6>\t\t\t<p><span>G\u00f6r\u00fcnt\u00fc Y\u00f6netmeni<\/span><\/p>\t\t\t\t\t\t<div class=\"social-team\">\r\n\t\t\t\t<ul class=\"list-social-team\">\r\n\t\t\t\t\t\t\t\t\t\t<li class=\"icon-soc-team\">\r\n\t\t\t\t\t\t<a href=\"mailto:saygin@alanfilms.com.tr\" target=\"_blank\"><i class=\"fa fa-envelope\"><\/i><\/a>\t\t\t\t\t<\/li>\r\n\t\t\t\t\t\t\t\t\t\t\t\t\t\t\t<li class=\"icon-soc-team\">\r\n\t\t\t\t\t\t<a href=\"https:\/\/www.instagram.com\/sayginayyildiz\/\" target=\"_blank\"><i class=\"fa fa-instagram\"><\/i><\/a>\t\t\t\t\t<\/li>\r\n\t\t\t\t\t\t\t\t\t\t\t\t\t\t\t<li class=\"icon-soc-team\">\r\n\t\t\t\t\t\t<a href=\"http:\/\/www.vimeo.com\/sayginayyildiz\" target=\"_blank\"><i class=\"fa fa-vimeo\"><\/i><\/a>\t\t\t\t\t<\/li>\r\n\t\t\t\t\t\t\t\t\t\t\t\t\t\t<\/ul>\t\r\n\t\t\t<\/div>\r\n\t\t<\/div>\r\n\t<\/div>\r\n\r\n\t\t\r\n\t<a href=\"https:\/\/alanfilms.com.tr\/saygin-ayyildiz\/\" class=\"btn-projects\">Biyografi<\/a>\r\n\r\n<\/div><\/div><\/div><div class=\"wpb_column vc_column_container four columns\"><div class=\"\"><div class=\"wpb_wrapper \">\t\r\n\t<div class=\"team-wrap\">\t\r\n\t\t<img decoding=\"async\" src=\"https:\/\/alanfilms.com.tr\/wp-content\/uploads\/2022\/03\/yagizoral.jpeg\" alt=\"\">\r\n\t\t<div class=\"mask-team\">\r\n\t\t\t<h6>Ya\u011f\u0131z Oral<\/h6>\t\t\t<p><span>Besteci<\/span><\/p>\t\t\t\t\t\t<div class=\"social-team\">\r\n\t\t\t\t<ul class=\"list-social-team\">\r\n\t\t\t\t\t\t\t\t\t\t<li class=\"icon-soc-team\">\r\n\t\t\t\t\t\t<a href=\"mailto:yagiz@alanfilms.com.tr\" target=\"_blank\"><i class=\"fa fa-envelope\"><\/i><\/a>\t\t\t\t\t<\/li>\r\n\t\t\t\t\t\t\t\t\t\t\t\t\t\t\t<li class=\"icon-soc-team\">\r\n\t\t\t\t\t\t<a href=\"https:\/\/www.linkedin.com\/in\/yagiz-oral-b004ab168\/\" target=\"_blank\"><i class=\"fa fa-linkedin\"><\/i><\/a>\t\t\t\t\t<\/li>\r\n\t\t\t\t\t\t\t\t\t\t\t\t\t\t\t\t\t\t\t<\/ul>\t\r\n\t\t\t<\/div>\r\n\t\t<\/div>\r\n\t<\/div>\r\n\r\n\t\t\r\n\t<a href=\"https:\/\/alanfilms.com.tr\/yagiz-oral\/\" class=\"btn-projects\">Biyografi<\/a>\r\n\r\n<\/div><\/div><\/div><div class=\"wpb_column vc_column_container four columns\"><div class=\"\"><div class=\"wpb_wrapper \"><\/div><\/div><\/div><\/div><\/div><\/section><section id=\"ekip\" class=\"bg-fixed relative vc_row wpb_row vc_custom_1646324424174 vc_row-has-fill\"><div class=\"container\"><div class=\"rows\"><div class=\"wpb_column vc_column_container one-third column\"><div class=\"\"><div class=\"wpb_wrapper \"><\/div><\/div><\/div><div class=\"wpb_column vc_column_container one-third column\"><div class=\"\"><div class=\"wpb_wrapper \">\t\r\n\t<div class=\"team-wrap\">\t\r\n\t\t<img decoding=\"async\" src=\"https:\/\/alanfilms.com.tr\/wp-content\/uploads\/2022\/03\/esrasancakli.jpeg\" alt=\"\">\r\n\t\t<div class=\"mask-team\">\r\n\t\t\t<h6>Esra Sancakl\u0131<\/h6>\t\t\t<p><span>\u0130nsan Kaynaklar\u0131 M\u00fcd\u00fcr\u00fc<\/span><\/p>\t\t\t\t\t\t<div class=\"social-team\">\r\n\t\t\t\t<ul class=\"list-social-team\">\r\n\t\t\t\t\t\t\t\t\t\t<li class=\"icon-soc-team\">\r\n\t\t\t\t\t\t<a href=\"mailto:esra@alanfilms.com.tr\" target=\"_blank\"><i class=\"fa fa-envelope\"><\/i><\/a>\t\t\t\t\t<\/li>\r\n\t\t\t\t\t\t\t\t\t\t\t\t\t\t\t<li class=\"icon-soc-team\">\r\n\t\t\t\t\t\t<a href=\"https:\/\/www.linkedin.com\/in\/esra-sancakl%C4%B1-467a4265\/\" target=\"_blank\"><i class=\"fa fa-linkedin\"><\/i><\/a>\t\t\t\t\t<\/li>\r\n\t\t\t\t\t\t\t\t\t\t\t\t\t\t\t\t\t\t\t<\/ul>\t\r\n\t\t\t<\/div>\r\n\t\t<\/div>\r\n\t<\/div>\r\n\r\n\t\t\r\n\t<a href=\"https:\/\/alanfilms.com.tr\/esra-sancakli\/\" class=\"btn-projects\">Biyografi<\/a>\r\n\r\n<\/div><\/div><\/div><div class=\"wpb_column vc_column_container one-third column\"><div class=\"\"><div class=\"wpb_wrapper \"><\/div><\/div><\/div><\/div><\/div><\/section><section class=\"bg-fixed relative vc_row wpb_row vc_custom_1425351767601 vc_row-has-fill\"><div class=\"container\"><div class=\"rows\"><div class=\"wpb_column vc_column_container one-third column\"><div class=\"\"><div class=\"wpb_wrapper \">\t\r\n\t<div class=\"team-wrap\">\t\r\n\t\t<img decoding=\"async\" src=\"https:\/\/alanfilms.com.tr\/wp-content\/uploads\/2022\/03\/makbule.png\" alt=\"\">\r\n\t\t<div class=\"mask-team\">\r\n\t\t\t<h6>MAKBULE<\/h6>\t\t\t<p><span>FAHR\u0130 BA\u015eKAN<\/span><\/p>\t\t\t\t\t\t<div class=\"social-team\">\r\n\t\t\t\t<ul class=\"list-social-team\">\r\n\t\t\t\t\t\t\t\t\t\t\t\t\t\t\t\t\t\t\t\t\t\t\t\t<\/ul>\t\r\n\t\t\t<\/div>\r\n\t\t<\/div>\r\n\t<\/div>\r\n\r\n\t<\/div><\/div><\/div><div class=\"wpb_column vc_column_container one-third column\"><div class=\"\"><div class=\"wpb_wrapper \">\t\r\n\t<div class=\"team-wrap\">\t\r\n\t\t<img decoding=\"async\" src=\"https:\/\/alanfilms.com.tr\/wp-content\/uploads\/2022\/03\/muzeyyen.png\" alt=\"\">\r\n\t\t<div class=\"mask-team\">\r\n\t\t\t<h6>M\u00dcZEYYEN<\/h6>\t\t\t<p><span>FAHR\u0130 BA\u015eKAN<\/span><\/p>\t\t\t\t\t\t<div class=\"social-team\">\r\n\t\t\t\t<ul class=\"list-social-team\">\r\n\t\t\t\t\t\t\t\t\t\t\t\t\t\t\t\t\t\t\t\t\t\t\t\t<\/ul>\t\r\n\t\t\t<\/div>\r\n\t\t<\/div>\r\n\t<\/div>\r\n\r\n\t<\/div><\/div><\/div><div class=\"wpb_column vc_column_container one-third column\"><div class=\"\"><div class=\"wpb_wrapper \">\t\r\n\t<div class=\"team-wrap\">\t\r\n\t\t<img decoding=\"async\" src=\"https:\/\/alanfilms.com.tr\/wp-content\/uploads\/2022\/03\/mujgan.png\" alt=\"\">\r\n\t\t<div class=\"mask-team\">\r\n\t\t\t<h6>M\u00dcJGAN<\/h6>\t\t\t<p><span>FAHR\u0130 BA\u015eKAN<\/span><\/p>\t\t\t\t\t\t<div class=\"social-team\">\r\n\t\t\t\t<ul class=\"list-social-team\">\r\n\t\t\t\t\t\t\t\t\t\t\t\t\t\t\t\t\t\t\t\t\t\t\t\t<\/ul>\t\r\n\t\t\t<\/div>\r\n\t\t<\/div>\r\n\t<\/div>\r\n\r\n\t<\/div><\/div><\/div><\/div><\/div><\/section>\n","protected":false},"excerpt":{"rendered":"Berk Alan Kurucu\/Y\u00f6netmen Biyografi Sayg\u0131n Ayy\u0131ld\u0131z G\u00f6r\u00fcnt\u00fc Y\u00f6netmeni Biyografi Ya\u011f\u0131z Oral Besteci Biyografi Esra Sancakl\u0131 \u0130nsan Kaynaklar\u0131 M\u00fcd\u00fcr\u00fc Biyografi MAKBULE FAHR\u0130 BA\u015eKAN M\u00dcZEYYEN FAHR\u0130 BA\u015eKAN M\u00dcJGAN FAHR\u0130 BA\u015eKAN","protected":false},"author":1,"featured_media":0,"parent":0,"menu_order":0,"comment_status":"open","ping_status":"closed","template":"page-templates\/page-fullwidth.php","meta":{"footnotes":""},"class_list":["post-841","page","type-page","status-publish","hentry"],"_links":{"self":[{"href":"https:\/\/alanfilms.com.tr\/tr\/wp-json\/wp\/v2\/pages\/841","targetHints":{"allow":["GET"]}}],"collection":[{"href":"https:\/\/alanfilms.com.tr\/tr\/wp-json\/wp\/v2\/pages"}],"about":[{"href":"https:\/\/alanfilms.com.tr\/tr\/wp-json\/wp\/v2\/types\/page"}],"author":[{"embeddable":true,"href":"https:\/\/alanfilms.com.tr\/tr\/wp-json\/wp\/v2\/users\/1"}],"replies":[{"embeddable":true,"href":"https:\/\/alanfilms.com.tr\/tr\/wp-json\/wp\/v2\/comments?post=841"}],"version-history":[{"count":12,"href":"https:\/\/alanfilms.com.tr\/tr\/wp-json\/wp\/v2\/pages\/841\/revisions"}],"predecessor-version":[{"id":1129,"href":"https:\/\/alanfilms.com.tr\/tr\/wp-json\/wp\/v2\/pages\/841\/revisions\/1129"}],"wp:attachment":[{"href":"https:\/\/alanfilms.com.tr\/tr\/wp-json\/wp\/v2\/media?parent=841"}],"curies":[{"name":"wp","href":"https:\/\/api.w.org\/{rel}","templated":true}]}}