{"id":790,"date":"2022-03-03T15:25:18","date_gmt":"2022-03-03T15:25:18","guid":{"rendered":"https:\/\/alanfilms.com.tr\/?page_id=790"},"modified":"2022-04-06T15:10:22","modified_gmt":"2022-04-06T15:10:22","slug":"yagiz-oral","status":"publish","type":"page","link":"https:\/\/alanfilms.com.tr\/tr\/yagiz-oral\/","title":{"rendered":"Ya\u011f\u0131z Oral"},"content":{"rendered":"<section class=\"bg-fixed relative vc_row wpb_row\"><div class=\"container\"><div class=\"rows\"><div class=\"wpb_column vc_column_container sixteen columns\"><div class=\"\"><div class=\"wpb_wrapper \">\t\r\n\t<div class=\"home-top\" style=\"background-image:url(https:\/\/alanfilms.com.tr\/wp-content\/uploads\/2022\/03\/yagizoral_1.jpg);\">\r\n\t\t<div class=\"cd-intro\">\r\n\t\t\t<h1>Ya\u011f\u0131z Oral<\/h1>\t\t<\/div>\r\n\t\t<div class=\"small-text\">Besteci<\/div>\t\t<a href=\"#scroll-link\" class=\"scroll scroll-down\"><\/a>\r\n\t<\/div>\r\n\t\r\n\t<div class=\"social-top\">\r\n\t\t<ul class=\"list-social\">\r\n\t\t\t\t\t\t\t<li class=\"icon-soc tipped\" data-title=\"envelope\"  data-tipper-options='{\"direction\":\"top\",\"follow\":\"true\"}'>\r\n\t\t\t\t\t<a target=\"_blank\" href=\"mailto:yagiz@alanfilms.com.tr\"><i class=\"fa fa-envelope\"><\/i><\/a>\r\n\t\t\t\t<\/li>\r\n\t\t\t\t\t\t\t\t\t\t<li class=\"icon-soc tipped\" data-title=\"linkedin\"  data-tipper-options='{\"direction\":\"top\",\"follow\":\"true\"}'>\r\n\t\t\t\t\t<a target=\"_blank\" href=\"https:\/\/www.linkedin.com\/in\/yagiz-oral-b004ab168\/\"><i class=\"fa fa-linkedin\"><\/i><\/a>\r\n\t\t\t\t<\/li>\r\n\t\t\t\t\t\t\t\t\t\t<li class=\"icon-soc tipped\" data-title=\"instagram\"  data-tipper-options='{\"direction\":\"top\",\"follow\":\"true\"}'>\r\n\t\t\t\t\t<a target=\"_blank\" href=\"https:\/\/www.instagram.com\/yagiz.oral\/\"><i class=\"fa fa-instagram\"><\/i><\/a>\r\n\t\t\t\t<\/li>\r\n\t\t\t\t\t\t\t\t\t\t\t<\/ul>\t\r\n\t<\/div>\r\n\r\n<\/div><\/div><\/div><\/div><\/div><\/section><section id=\"scroll-link\" class=\"bg-fixed relative vc_row wpb_row\"><div class=\"container\"><div class=\"rows\"><div class=\"wpb_column vc_column_container sixteen columns\"><div class=\"\"><div class=\"wpb_wrapper \">\t\r\n\t<div class=\"cd-half-block\">\r\n\t\t<div class=\"bg-block\" style=\"background-image:url(https:\/\/alanfilms.com.tr\/wp-content\/uploads\/2022\/03\/yagizoral.jpeg);\"><\/div>\r\n\t<\/div>\r\n\t<div class=\"cd-half-block\">\r\n\t\t<div class=\"block-text\">\r\n\t\t\t<h2>Ya\u011f\u0131z Oral<b>.<\/b><\/h2>\t\t\t<p><\/p>\n<p style=\"padding-right: 40px;\">1997 y\u0131l\u0131nda do\u011fan Ya\u011f\u0131z Oral, m\u00fczik e\u011fitimine gitar ile ba\u015flayarak, \u00f6zellikle jazz alan\u0131nda kendini geli\u015ftirmi\u015ftir. Orta \u00f6\u011freniminden sonra Alegra \u00c7ok Sesli Korosu, TRT \u00c7ok Sesli Gen\u00e7lik Korosu ve T.C. K\u00fclt\u00fcr Bakanl\u0131\u011f\u0131 \u00c7ok Sesli Gen\u00e7lik Korolar\u0131nda yer alm\u0131\u015ft\u0131r. Bu koro topluluklar\u0131 ile yurt i\u00e7i ve yurt d\u0131\u015f\u0131nda konserler verdikten sonra \u00e7al\u0131\u015fmalar\u0131n\u0131 besteci kimli\u011fi ve orkestra \u015fefli\u011fi \u00fczerine yo\u011funla\u015ft\u0131ran Ya\u011f\u0131z Oral, 2016 y\u0131l\u0131nda Ba\u015fkent \u00dcniversitesi Devlet Konservatuvar\u0131 Kompozisyon ve M\u00fczik Teorisi B\u00f6l\u00fcmu\u2019 \u0308ne girerek, lisans e\u011ftimine ba\u015flam\u0131\u015ft\u0131r. 2017 y\u0131l\u0131nda Agora Gen\u00e7lik Senfoni Orkestras\u0131\u2019n\u0131 kuran Ya\u011f\u0131z Oral, M\u00fczik Direkt\u00f6rl\u00fc\u011f\u00fc ve \u015eefli\u011fini \u00fcstlendi\u011fi bu orkestra ile pek \u00e7ok konser vermi\u015ftir. Netflix, Exxen, BluTV ve Onedio gibi dijital platformlarda yay\u0131nlanan bir\u00e7ok film ve dizinin m\u00fcziklerini de haz\u0131rlayan Ya\u011f\u0131z Oral, Kanada\u2019daki Douglas College ve Amerika\u2019daki Musicians Institute California\u2019dan kabul alm\u0131\u015ft\u0131r. Agora Gen\u00e7lik Senfoni Orkestras\u0131\u2019da M\u00fczik Direkt\u00f6r\u00fc olarak \u00e7al\u0131\u015fmalar\u0131na devam eden Ya\u011f\u0131z Oral; \u0130ngiltere, Amerika ve Kanada ba\u015fta olmak \u00fczere; bir\u00e7ok \u00fclkedeki ba\u011f\u0131ms\u0131z film yap\u0131mc\u0131s\u0131na i\u00e7in \u00f6zel besteleri ve m\u00fczik \u00e7al\u0131\u015fmalar\u0131 ile hizmet sunmaya devam etmektedir.<\/p>\n<p><\/p>\t\t\t\t\t<\/div>\r\n\t<\/div>\r\n\r\n<\/div><\/div><\/div><\/div><\/div><\/section>\n","protected":false},"excerpt":{"rendered":"Ya\u011f\u0131z Oral Besteci Ya\u011f\u0131z Oral. 1997 y\u0131l\u0131nda do\u011fan Ya\u011f\u0131z Oral, m\u00fczik e\u011fitimine gitar ile ba\u015flayarak, \u00f6zellikle jazz alan\u0131nda kendini geli\u015ftirmi\u015ftir. Orta \u00f6\u011freniminden sonra Alegra \u00c7ok Sesli Korosu, TRT \u00c7ok Sesli Gen\u00e7lik Korosu ve T.C. K\u00fclt\u00fcr Bakanl\u0131\u011f\u0131 \u00c7ok Sesli Gen\u00e7lik Korolar\u0131nda yer alm\u0131\u015ft\u0131r. Bu koro topluluklar\u0131 ile yurt i\u00e7i ve yurt d\u0131\u015f\u0131nda konserler verdikten sonra \u00e7al\u0131\u015fmalar\u0131n\u0131 [...]","protected":false},"author":1,"featured_media":0,"parent":0,"menu_order":0,"comment_status":"closed","ping_status":"closed","template":"page-templates\/template-canvas.php","meta":{"footnotes":""},"class_list":["post-790","page","type-page","status-publish","hentry"],"_links":{"self":[{"href":"https:\/\/alanfilms.com.tr\/tr\/wp-json\/wp\/v2\/pages\/790","targetHints":{"allow":["GET"]}}],"collection":[{"href":"https:\/\/alanfilms.com.tr\/tr\/wp-json\/wp\/v2\/pages"}],"about":[{"href":"https:\/\/alanfilms.com.tr\/tr\/wp-json\/wp\/v2\/types\/page"}],"author":[{"embeddable":true,"href":"https:\/\/alanfilms.com.tr\/tr\/wp-json\/wp\/v2\/users\/1"}],"replies":[{"embeddable":true,"href":"https:\/\/alanfilms.com.tr\/tr\/wp-json\/wp\/v2\/comments?post=790"}],"version-history":[{"count":22,"href":"https:\/\/alanfilms.com.tr\/tr\/wp-json\/wp\/v2\/pages\/790\/revisions"}],"predecessor-version":[{"id":1132,"href":"https:\/\/alanfilms.com.tr\/tr\/wp-json\/wp\/v2\/pages\/790\/revisions\/1132"}],"wp:attachment":[{"href":"https:\/\/alanfilms.com.tr\/tr\/wp-json\/wp\/v2\/media?parent=790"}],"curies":[{"name":"wp","href":"https:\/\/api.w.org\/{rel}","templated":true}]}}