{"id":786,"date":"2022-03-03T15:20:09","date_gmt":"2022-03-03T15:20:09","guid":{"rendered":"https:\/\/alanfilms.com.tr\/?page_id=786"},"modified":"2022-04-06T15:09:49","modified_gmt":"2022-04-06T15:09:49","slug":"saygin-ayyildiz","status":"publish","type":"page","link":"https:\/\/alanfilms.com.tr\/tr\/saygin-ayyildiz\/","title":{"rendered":"Sayg\u0131n Ayy\u0131ld\u0131z"},"content":{"rendered":"<section class=\"bg-fixed relative vc_row wpb_row\"><div class=\"container\"><div class=\"rows\"><div class=\"wpb_column vc_column_container sixteen columns\"><div class=\"\"><div class=\"wpb_wrapper \">\t\r\n\t<div class=\"home-top\" style=\"background-image:url(https:\/\/alanfilms.com.tr\/wp-content\/uploads\/2022\/03\/ekip-saygin.jpg);\">\r\n\t\t<div class=\"cd-intro\">\r\n\t\t\t<h1>Sayg\u0131n Ayy\u0131ld\u0131z<\/h1>\t\t<\/div>\r\n\t\t<div class=\"small-text\">G\u00f6r\u00fcnt\u00fc Y\u00f6netmeni<\/div>\t\t<a href=\"#scroll-link\" class=\"scroll scroll-down\"><\/a>\r\n\t<\/div>\r\n\t\r\n\t<div class=\"social-top\">\r\n\t\t<ul class=\"list-social\">\r\n\t\t\t\t\t\t\t<li class=\"icon-soc tipped\" data-title=\"envelope\"  data-tipper-options='{\"direction\":\"top\",\"follow\":\"true\"}'>\r\n\t\t\t\t\t<a target=\"_blank\" href=\"mailto:saygin@alanfilms.com.tr\"><i class=\"fa fa-envelope\"><\/i><\/a>\r\n\t\t\t\t<\/li>\r\n\t\t\t\t\t\t\t\t\t\t<li class=\"icon-soc tipped\" data-title=\"instagram\"  data-tipper-options='{\"direction\":\"top\",\"follow\":\"true\"}'>\r\n\t\t\t\t\t<a target=\"_blank\" href=\"https:\/\/www.instagram.com\/sayginayyildiz\/\"><i class=\"fa fa-instagram\"><\/i><\/a>\r\n\t\t\t\t<\/li>\r\n\t\t\t\t\t\t\t\t\t\t<li class=\"icon-soc tipped\" data-title=\"vimeo\"  data-tipper-options='{\"direction\":\"top\",\"follow\":\"true\"}'>\r\n\t\t\t\t\t<a target=\"_blank\" href=\"http:\/\/www.vimeo.com\/sayginayyildiz\"><i class=\"fa fa-vimeo\"><\/i><\/a>\r\n\t\t\t\t<\/li>\r\n\t\t\t\t\t\t\t\t\t\t\t<\/ul>\t\r\n\t<\/div>\r\n\r\n<\/div><\/div><\/div><\/div><\/div><\/section><section id=\"scroll-link\" class=\"bg-fixed relative vc_row wpb_row\"><div class=\"container\"><div class=\"rows\"><div class=\"wpb_column vc_column_container sixteen columns\"><div class=\"\"><div class=\"wpb_wrapper \">\t\r\n\t<div class=\"cd-half-block\">\r\n\t\t<div class=\"bg-block\" style=\"background-image:url(https:\/\/alanfilms.com.tr\/wp-content\/uploads\/2022\/03\/sayginayyildiz-e1646316770892.jpeg);\"><\/div>\r\n\t<\/div>\r\n\t<div class=\"cd-half-block\">\r\n\t\t<div class=\"block-text\">\r\n\t\t\t<h2>Sayg\u0131n Ayy\u0131ld\u0131z<b>.<\/b><\/h2>\t\t\t<p>2011 y\u0131l\u0131nda Ankara\u2019da hobi olarak foto\u011fraf ve video \u00e7ekmeye ba\u015flayan Sayg\u0131n Ayy\u0131ld\u0131z, 2013 y\u0131l\u0131nda \u0130stanbul\u2019a ta\u015f\u0131narak profesyonel olarak prod\u00fcksiyon ve yap\u0131m sekt\u00f6r\u00fcne dahil olmu\u015ftur. Bir\u00e7ok g\u00f6r\u00fcnt\u00fc y\u00f6netmeni ve y\u00f6netmen ile \u00e7al\u0131\u015f\u0131p, bu alanda deneyim kazand\u0131ktan sonra 2016 y\u0131l\u0131nda TRT\u2019de yay\u0131nlanan \u201c\u015eehrin Kenar S\u00fcsleri\u201d isimli projenin G\u00f6r\u00fcnt\u00fc Y\u00f6netmenli\u011fini yapan Sayg\u0131n Y\u0131ld\u0131z, bu d\u00f6nemden itibaren bir\u00e7ok klip, belgesel, reklam ve tan\u0131t\u0131m filmi gibi projelerde aktif olarak g\u00f6rev alm\u0131\u015ft\u0131r. Sayg\u0131n Ayy\u0131ld\u0131z, 2021 y\u0131l\u0131nda Exxen platformunda yay\u0131nlanan \u201cPascal\u201d adl\u0131 belgeselin G\u00f6r\u00fcnt\u00fc Y\u00f6netmenli\u011fini \u00fcstlenmi\u015ftir.<\/p>\t\t\t\t\t<\/div>\r\n\t<\/div>\r\n\r\n<\/div><\/div><\/div><\/div><\/div><\/section>\n","protected":false},"excerpt":{"rendered":"Sayg\u0131n Ayy\u0131ld\u0131z G\u00f6r\u00fcnt\u00fc Y\u00f6netmeni Sayg\u0131n Ayy\u0131ld\u0131z. 2011 y\u0131l\u0131nda Ankara\u2019da hobi olarak foto\u011fraf ve video \u00e7ekmeye ba\u015flayan Sayg\u0131n Ayy\u0131ld\u0131z, 2013 y\u0131l\u0131nda \u0130stanbul\u2019a ta\u015f\u0131narak profesyonel olarak prod\u00fcksiyon ve yap\u0131m sekt\u00f6r\u00fcne dahil olmu\u015ftur. Bir\u00e7ok g\u00f6r\u00fcnt\u00fc y\u00f6netmeni ve y\u00f6netmen ile \u00e7al\u0131\u015f\u0131p, bu alanda deneyim kazand\u0131ktan sonra 2016 y\u0131l\u0131nda TRT\u2019de yay\u0131nlanan \u201c\u015eehrin Kenar S\u00fcsleri\u201d isimli projenin G\u00f6r\u00fcnt\u00fc Y\u00f6netmenli\u011fini yapan Sayg\u0131n [...]","protected":false},"author":1,"featured_media":0,"parent":0,"menu_order":0,"comment_status":"closed","ping_status":"closed","template":"page-templates\/template-canvas.php","meta":{"footnotes":""},"class_list":["post-786","page","type-page","status-publish","hentry"],"_links":{"self":[{"href":"https:\/\/alanfilms.com.tr\/tr\/wp-json\/wp\/v2\/pages\/786","targetHints":{"allow":["GET"]}}],"collection":[{"href":"https:\/\/alanfilms.com.tr\/tr\/wp-json\/wp\/v2\/pages"}],"about":[{"href":"https:\/\/alanfilms.com.tr\/tr\/wp-json\/wp\/v2\/types\/page"}],"author":[{"embeddable":true,"href":"https:\/\/alanfilms.com.tr\/tr\/wp-json\/wp\/v2\/users\/1"}],"replies":[{"embeddable":true,"href":"https:\/\/alanfilms.com.tr\/tr\/wp-json\/wp\/v2\/comments?post=786"}],"version-history":[{"count":12,"href":"https:\/\/alanfilms.com.tr\/tr\/wp-json\/wp\/v2\/pages\/786\/revisions"}],"predecessor-version":[{"id":1131,"href":"https:\/\/alanfilms.com.tr\/tr\/wp-json\/wp\/v2\/pages\/786\/revisions\/1131"}],"wp:attachment":[{"href":"https:\/\/alanfilms.com.tr\/tr\/wp-json\/wp\/v2\/media?parent=786"}],"curies":[{"name":"wp","href":"https:\/\/api.w.org\/{rel}","templated":true}]}}