{"id":762,"date":"2022-03-03T13:40:19","date_gmt":"2022-03-03T13:40:19","guid":{"rendered":"https:\/\/alanfilms.com.tr\/?page_id=762"},"modified":"2022-04-06T14:49:45","modified_gmt":"2022-04-06T14:49:45","slug":"berk-alan","status":"publish","type":"page","link":"https:\/\/alanfilms.com.tr\/tr\/berk-alan\/","title":{"rendered":"Berk Alan"},"content":{"rendered":"<section class=\"bg-fixed relative vc_row wpb_row\"><div class=\"container\"><div class=\"rows\"><div class=\"wpb_column vc_column_container sixteen columns\"><div class=\"\"><div class=\"wpb_wrapper \">\t\r\n\t<div class=\"home-top\" style=\"background-image:url(https:\/\/alanfilms.com.tr\/wp-content\/uploads\/2022\/03\/berkalan_1.jpg);\">\r\n\t\t<div class=\"cd-intro\">\r\n\t\t\t<h1>Berk Alan<\/h1>\t\t<\/div>\r\n\t\t<div class=\"small-text\">Kurucu \/ Y\u00f6netmen<\/div>\t\t<a href=\"#scroll-link\" class=\"scroll scroll-down\"><\/a>\r\n\t<\/div>\r\n\t\r\n\t<div class=\"social-top\">\r\n\t\t<ul class=\"list-social\">\r\n\t\t\t\t\t\t\t<li class=\"icon-soc tipped\" data-title=\"envelope\"  data-tipper-options='{\"direction\":\"top\",\"follow\":\"true\"}'>\r\n\t\t\t\t\t<a target=\"_blank\" href=\"mailto:berk@alanfilms.com.tr\"><i class=\"fa fa-envelope\"><\/i><\/a>\r\n\t\t\t\t<\/li>\r\n\t\t\t\t\t\t\t\t\t\t<li class=\"icon-soc tipped\" data-title=\"linkedin\"  data-tipper-options='{\"direction\":\"top\",\"follow\":\"true\"}'>\r\n\t\t\t\t\t<a target=\"_blank\" href=\"https:\/\/www.linkedin.com\/in\/berkalan\/\"><i class=\"fa fa-linkedin\"><\/i><\/a>\r\n\t\t\t\t<\/li>\r\n\t\t\t\t\t\t\t\t\t\t<li class=\"icon-soc tipped\" data-title=\"instagram\"  data-tipper-options='{\"direction\":\"top\",\"follow\":\"true\"}'>\r\n\t\t\t\t\t<a target=\"_blank\" href=\"https:\/\/www.instagram.com\/berkalantf\"><i class=\"fa fa-instagram\"><\/i><\/a>\r\n\t\t\t\t<\/li>\r\n\t\t\t\t\t\t\t\t\t\t<li class=\"icon-soc tipped\" data-title=\"vimeo\"  data-tipper-options='{\"direction\":\"top\",\"follow\":\"true\"}'>\r\n\t\t\t\t\t<a target=\"_blank\" href=\"https:\/\/vimeo.com\/berkalan\"><i class=\"fa fa-vimeo\"><\/i><\/a>\r\n\t\t\t\t<\/li>\r\n\t\t\t\t\t\t\t\t<\/ul>\t\r\n\t<\/div>\r\n\r\n<\/div><\/div><\/div><\/div><\/div><\/section><section id=\"scroll-link\" class=\"bg-fixed relative vc_row wpb_row\"><div class=\"container\"><div class=\"rows\"><div class=\"wpb_column vc_column_container sixteen columns\"><div class=\"\"><div class=\"wpb_wrapper \">\t\r\n\t<div class=\"cd-half-block\">\r\n\t\t<div class=\"bg-block\" style=\"background-image:url(https:\/\/alanfilms.com.tr\/wp-content\/uploads\/2022\/03\/berkalan.jpg);\"><\/div>\r\n\t<\/div>\r\n\t<div class=\"cd-half-block\">\r\n\t\t<div class=\"block-text\">\r\n\t\t\t<h2>Berk Alan<b>.<\/b><\/h2>\t\t\t<p><\/p>\n<p style=\"padding-right: 40px;\">Profesyonel kariyer hayat\u0131na, 2009 y\u0131l\u0131nda Show TV\u2019de, Kurgu Operat\u00f6r\u00fc olarak ba\u015flayan Berk Alan, ilerleyen y\u0131llarda reklam sekt\u00f6r\u00fcne ge\u00e7erek, reklam ve tan\u0131t\u0131m filmlerinin prod\u00fcksiyonu alan\u0131nda deneyim kazanm\u0131\u015ft\u0131r. Bu d\u00f6nemde; \u201cBP, Bomonti, S\u00f6zc\u00fc\u201d gibi TV reklamlar\u0131n\u0131n kurgu \u00e7al\u0131\u015fmalar\u0131n\u0131 \u00fcstlenen Berk Alan, TRT\u2019de yay\u0131nlanan \u201cDerin Pas\u201d isimli Belgesel Film \u00e7al\u0131\u015fmas\u0131 ile birlikte Y\u00f6netmenlik kariyerine ad\u0131m atm\u0131\u015ft\u0131r. Y\u00f6netmenlik kariyeri s\u00fcrecinde \u201cSprite, Coca-Cola, Samsung, Avon, Rexona, Alt\u0131nba\u015f, Wepublic, Hellmann\u2019s\u201d&#8230; gibi bir\u00e7ok global ve ulusal markan\u0131n reklam filmlerinin y\u00f6netmenli\u011fini \u00fcstlenmi\u015ftir. 2019 y\u0131l\u0131nda \u201c\u00c7ek-Yat\u201d isimli k\u0131sa film yar\u0131\u015fmas\u0131nda, y\u00f6netmeni oldu\u011fu \u201c\u00c7i\u00e7ek\u201d isimli k\u0131sa filmi ile 3\u2019\u00fcnc\u00fcl\u00fck \u00f6d\u00fcl\u00fc kazanm\u0131\u015ft\u0131r. Berk Alan, 2019 y\u0131l\u0131nda \u201cSar Ba\u015fa\u201d isimli ilk uzun metrajl\u0131 filmi ile gi\u015fede 264.441 seyirciye ula\u015fm\u0131\u015ft\u0131r. Film ulusal kanallar\u0131n yan\u0131 s\u0131ra Netflix, BluTV, Apple TV gibi dijital platformlarda yay\u0131nlamaktad\u0131r. Ayr\u0131ca 2021 y\u0131l\u0131nda Exxen platformu i\u00e7in \u201cPascal\u201d adl\u0131 belgeselin y\u00f6netmenli\u011fini \u00fcstlenmi\u015ftir. Alan Films Kurucusu ve Y\u00f6neticisi Berk Alan, 2015 y\u0131l\u0131ndan beri Onedio\u2019da Y\u00f6netmen olarak profesyonel \u00e7al\u0131\u015fmalar\u0131n\u0131 s\u00fcrd\u00fcrmektedir.<\/p>\n<p><\/p>\t\t\t\t\t<\/div>\r\n\t<\/div>\r\n\r\n<\/div><\/div><\/div><\/div><\/div><\/section>\n","protected":false},"excerpt":{"rendered":"Berk Alan Kurucu \/ Y\u00f6netmen Berk Alan. Profesyonel kariyer hayat\u0131na, 2009 y\u0131l\u0131nda Show TV\u2019de, Kurgu Operat\u00f6r\u00fc olarak ba\u015flayan Berk Alan, ilerleyen y\u0131llarda reklam sekt\u00f6r\u00fcne ge\u00e7erek, reklam ve tan\u0131t\u0131m filmlerinin prod\u00fcksiyonu alan\u0131nda deneyim kazanm\u0131\u015ft\u0131r. Bu d\u00f6nemde; \u201cBP, Bomonti, S\u00f6zc\u00fc\u201d gibi TV reklamlar\u0131n\u0131n kurgu \u00e7al\u0131\u015fmalar\u0131n\u0131 \u00fcstlenen Berk Alan, TRT\u2019de yay\u0131nlanan \u201cDerin Pas\u201d isimli Belgesel Film \u00e7al\u0131\u015fmas\u0131 ile [...]","protected":false},"author":1,"featured_media":0,"parent":0,"menu_order":0,"comment_status":"closed","ping_status":"closed","template":"page-templates\/template-canvas.php","meta":{"footnotes":""},"class_list":["post-762","page","type-page","status-publish","hentry"],"_links":{"self":[{"href":"https:\/\/alanfilms.com.tr\/tr\/wp-json\/wp\/v2\/pages\/762","targetHints":{"allow":["GET"]}}],"collection":[{"href":"https:\/\/alanfilms.com.tr\/tr\/wp-json\/wp\/v2\/pages"}],"about":[{"href":"https:\/\/alanfilms.com.tr\/tr\/wp-json\/wp\/v2\/types\/page"}],"author":[{"embeddable":true,"href":"https:\/\/alanfilms.com.tr\/tr\/wp-json\/wp\/v2\/users\/1"}],"replies":[{"embeddable":true,"href":"https:\/\/alanfilms.com.tr\/tr\/wp-json\/wp\/v2\/comments?post=762"}],"version-history":[{"count":26,"href":"https:\/\/alanfilms.com.tr\/tr\/wp-json\/wp\/v2\/pages\/762\/revisions"}],"predecessor-version":[{"id":1128,"href":"https:\/\/alanfilms.com.tr\/tr\/wp-json\/wp\/v2\/pages\/762\/revisions\/1128"}],"wp:attachment":[{"href":"https:\/\/alanfilms.com.tr\/tr\/wp-json\/wp\/v2\/media?parent=762"}],"curies":[{"name":"wp","href":"https:\/\/api.w.org\/{rel}","templated":true}]}}