{"id":640,"date":"2015-03-03T09:21:46","date_gmt":"2015-03-03T09:21:46","guid":{"rendered":"http:\/\/demo.oceanthemes.net\/pallas\/?page_id=640"},"modified":"2023-09-27T14:32:46","modified_gmt":"2023-09-27T14:32:46","slug":"home-youtube-video","status":"publish","type":"page","link":"https:\/\/alanfilms.com.tr\/tr\/","title":{"rendered":"Ana Sayfa"},"content":{"rendered":"<section class=\"bg-fixed relative vc_row wpb_row vc_custom_1646506895954 vc_row-has-fill\"><div class=\"container\"><div class=\"rows\"><div class=\"wpb_column vc_column_container sixteen columns\"><div class=\"\"><div class=\"wpb_wrapper \">\t\r\n\t<div class=\"home-top\" style=\"background-image:url(https:\/\/alanfilms.com.tr\/wp-content\/uploads\/2022\/03\/anasayfa.jpg);\">\r\n\t\t<div class=\"cd-intro\">\r\n\t\t\t<h1>G\u00d6R\u00dcNEN\u0130N \u00d6TES\u0130NDEK\u0130 D\u00dcNYA BU ALAN\u2019DA!<\/h1>\t\t<\/div>\r\n\t\t<div class=\"small-text\">Alan Films | Bir Prod\u00fcksiyon \u015eirketi<\/div>\t\t<a href=\"#scroll-link\" class=\"scroll scroll-down\"><\/a>\r\n\t<\/div>\r\n\t\r\n\t<div class=\"social-top\">\r\n\t\t<ul class=\"list-social\">\r\n\t\t\t\t\t\t\t<li class=\"icon-soc tipped\" data-title=\"linkedin\"  data-tipper-options='{\"direction\":\"top\",\"follow\":\"true\"}'>\r\n\t\t\t\t\t<a target=\"_blank\" href=\"https:\/\/www.linkedin.com\/company\/alanfilms\/\"><i class=\"fa fa-linkedin\"><\/i><\/a>\r\n\t\t\t\t<\/li>\r\n\t\t\t\t\t\t\t\t\t\t<li class=\"icon-soc tipped\" data-title=\"instagram\"  data-tipper-options='{\"direction\":\"top\",\"follow\":\"true\"}'>\r\n\t\t\t\t\t<a target=\"_blank\" href=\"https:\/\/www.instagram.com\/alanfilmsofficial\"><i class=\"fa fa-instagram\"><\/i><\/a>\r\n\t\t\t\t<\/li>\r\n\t\t\t\t\t\t\t\t\t\t<li class=\"icon-soc tipped\" data-title=\"vimeo\"  data-tipper-options='{\"direction\":\"top\",\"follow\":\"true\"}'>\r\n\t\t\t\t\t<a target=\"_blank\" href=\"https:\/\/vimeo.com\/berkalan\"><i class=\"fa fa-vimeo\"><\/i><\/a>\r\n\t\t\t\t<\/li>\r\n\t\t\t\t\t\t\t\t\t\t<li class=\"icon-soc tipped\" data-title=\"facebook\"  data-tipper-options='{\"direction\":\"top\",\"follow\":\"true\"}'>\r\n\t\t\t\t\t<a target=\"_blank\" href=\"https:\/\/www.facebook.com\/alanfilmsproduction\"><i class=\"fa fa-facebook\"><\/i><\/a>\r\n\t\t\t\t<\/li>\r\n\t\t\t\t\t\t\t\t<\/ul>\t\r\n\t<\/div>\r\n\r\n<\/div><\/div><\/div><\/div><\/div><\/section><section id=\"scroll-link\" class=\"bg-fixed relative vc_row wpb_row\"><div class=\"container\"><div class=\"rows\"><div class=\"wpb_column vc_column_container sixteen columns\"><div class=\"\"><div class=\"wpb_wrapper \">\t\r\n\t<div class=\"cd-half-block\">\r\n\t\t<div class=\"bg-block\" style=\"background-image:url(https:\/\/alanfilms.com.tr\/wp-content\/uploads\/2022\/03\/hakkimizda2.jpg);\"><\/div>\r\n\t<\/div>\r\n\t<div class=\"cd-half-block\">\r\n\t\t<div class=\"block-text\">\r\n\t\t\t<h2>Hakk\u0131m\u0131zda<b>.<\/b><\/h2>\t\t\t<p>G\u00fcc\u00fcn\u00fc bilgi, deneyim ve yarat\u0131c\u0131l\u0131ktan alan Alan Films,<br \/>\nson teknolojili donan\u0131m ve ekipman deste\u011fi ile ihtiya\u00e7<br \/>\nduyulan her alanda, profesyonel prod\u00fcksiyon<br \/>\nhizmetleri sunar. Ba\u015fta firma ve markalar olmak \u00fczere; kurum, kurulu\u015f ya da bireylerin beklenti ve istekleri do\u011frultusunda prod\u00fcksiyon s\u00fcrecinin her alan\u0131nda h\u0131zl\u0131 ve etkili \u00e7\u00f6z\u00fcmler \u00fcretir.<\/p>\t\t\t<a href=\"https:\/\/alanfilms.com.tr\/hakkimizda\" class=\"btn animsition-link\">HAKKIMIZDA<\/a>\t\t<\/div>\r\n\t<\/div>\r\n\r\n<\/div><\/div><\/div><\/div><\/div><\/section><section class=\"bg-fixed relative vc_row wpb_row\"><div class=\"container\"><div class=\"rows\"><div class=\"wpb_column vc_column_container sixteen columns\"><div class=\"\"><div class=\"wpb_wrapper \">\t\r\n\t<div class=\"cd-half-block\">\r\n\t\t<div class=\"bg-block\" style=\"background-image:url(https:\/\/alanfilms.com.tr\/wp-content\/uploads\/2022\/03\/neleryapiyoruz1.jpg);\"><\/div>\r\n\t<\/div>\r\n\t<div class=\"cd-half-block\">\r\n\t\t<div class=\"block-text\">\r\n\t\t\t<h2>Neler Yap\u0131yoruz?<b>.<\/b><\/h2>\t\t\t<p><\/p>\n<div style=\"margin-top: -25px; color: #000; margin-bottom: 20px;\">Her A\u00e7\u0131dan G\u00fcvenilir Hizmet Bu Alan&#8217;da!<\/div>\n<p><strong>PRE PROD\u00dcKS\u0130YON<\/strong><br \/>\n\u25aa Senaryo ve Konsept \u00dcretimi<br \/>\n\u25aa Medya Planlama ve Sat\u0131n Alma<br \/>\n\u25aa Casting<\/p>\n<p><strong>PROD\u00dcKS\u0130YON<\/strong><br \/>\n\u25aa Tan\u0131t\u0131m & Reklam Filmi<br \/>\n\u25aa Film<br \/>\n\u25aa Yay\u0131n<br \/>\n\u25aa M\u00fczik<\/p>\n<p><strong>POST PROD\u00dcKS\u0130YON<\/strong><br \/>\n\u25aa Kurgu<br \/>\n\u25aa Renk D\u00fczenleme<br \/>\n\u25aa 2D ve 3D Animasyon<br \/>\n\u25aa G\u00f6rsel Efekt<br \/>\n\u25aa Animasyon<br \/>\n\u25aa Jingle<br \/>\n\u25aa Ses Miksaj\u0131<\/p>\t\t\t<a href=\"https:\/\/alanfilms.com.tr\/neler-yapiyoruz\" class=\"btn animsition-link\">NELER YAPIYORUZ?<\/a>\t\t<\/div>\r\n\t<\/div>\r\n\r\n<\/div><\/div><\/div><\/div><\/div><\/section><section class=\"bg-fixed relative vc_row wpb_row\"><div class=\"container\"><div class=\"rows\"><div class=\"wpb_column vc_column_container sixteen columns\"><div class=\"\"><div class=\"wpb_wrapper \">\t\r\n\t<div class=\"cd-half-block\">\r\n\t\t<div class=\"bg-block\" style=\"background-image:url(https:\/\/alanfilms.com.tr\/wp-content\/uploads\/2022\/03\/projeler-scaled.jpg);\"><\/div>\r\n\t<\/div>\r\n\t<div class=\"cd-half-block\">\r\n\t\t<div class=\"block-text\">\r\n\t\t\t<h2>Projeler<b>.<\/b><\/h2>\t\t\t<p>Haz\u0131rlad\u0131\u011f\u0131m\u0131z projelere g\u00f6z at\u0131n.<\/p>\t\t\t<a href=\"https:\/\/alanfilms.com.tr\/projeler\/\" class=\"btn animsition-link\">PROJELER<\/a>\t\t<\/div>\r\n\t<\/div>\r\n\r\n<\/div><\/div><\/div><\/div><\/div><\/section><section class=\"bg-fixed relative vc_row wpb_row\"><div class=\"container\"><div class=\"rows\"><div class=\"wpb_column vc_column_container sixteen columns\"><div class=\"\"><div class=\"wpb_wrapper \">\t\r\n\t<div class=\"cd-half-block\">\r\n\t\t<div class=\"bg-block\" style=\"background-image:url(https:\/\/alanfilms.com.tr\/wp-content\/uploads\/2022\/03\/ekip-1.jpg);\"><\/div>\r\n\t<\/div>\r\n\t<div class=\"cd-half-block\">\r\n\t\t<div class=\"block-text\">\r\n\t\t\t<h2>Ekip<b>.<\/b><\/h2>\t\t\t<p>Bizi daha yak\u0131ndan tan\u0131y\u0131n.<\/p>\t\t\t<a href=\"https:\/\/alanfilms.com.tr\/ekip\" class=\"btn animsition-link\">EK\u0130P<\/a>\t\t<\/div>\r\n\t<\/div>\r\n\r\n<\/div><\/div><\/div><\/div><\/div><\/section><section class=\"bg-fixed relative vc_row wpb_row\"><div class=\"container\"><div class=\"rows\"><div class=\"wpb_column vc_column_container sixteen columns\"><div class=\"\"><div class=\"wpb_wrapper \">\t\r\n\t<div class=\"cd-half-block\">\r\n\t\t<div class=\"bg-block\" style=\"background-image:url(https:\/\/alanfilms.com.tr\/wp-content\/uploads\/2022\/03\/blog.jpg);\"><\/div>\r\n\t<\/div>\r\n\t<div class=\"cd-half-block\">\r\n\t\t<div class=\"block-text\">\r\n\t\t\t<h2>Blog<b>.<\/b><\/h2>\t\t\t<p>Blog yaz\u0131lar\u0131m\u0131za g\u00f6z at\u0131n.<\/p>\t\t\t<a href=\"https:\/\/alanfilms.com.tr\/blog\/\" class=\"btn animsition-link\">BLOG<\/a>\t\t<\/div>\r\n\t<\/div>\r\n\r\n<\/div><\/div><\/div><\/div><\/div><\/section><section class=\"bg-fixed relative vc_row wpb_row\"><div class=\"container\"><div class=\"rows\"><div class=\"wpb_column vc_column_container sixteen columns\"><div class=\"\"><div class=\"wpb_wrapper \">\t\r\n\t<div class=\"cd-half-block\">\r\n\t\t<div class=\"bg-block\" style=\"background-image:url(https:\/\/alanfilms.com.tr\/wp-content\/uploads\/2022\/03\/iletisim-1.jpg);\"><\/div>\r\n\t<\/div>\r\n\t<div class=\"cd-half-block\">\r\n\t\t<div class=\"block-text\">\r\n\t\t\t<h2>\u0130leti\u015fim<b>.<\/b><\/h2>\t\t\t<p>Bizimle ileti\u015fime ge\u00e7in.<\/p>\t\t\t<a href=\"https:\/\/alanfilms.com.tr\/iletisim\" class=\"btn animsition-link\">\u0130LET\u0130\u015e\u0130M<\/a>\t\t<\/div>\r\n\t<\/div>\r\n\r\n<\/div><\/div><\/div><\/div><\/div><\/section>\n","protected":false},"excerpt":{"rendered":"G\u00d6R\u00dcNEN\u0130N \u00d6TES\u0130NDEK\u0130 D\u00dcNYA BU ALAN\u2019DA! Alan Films | Bir Prod\u00fcksiyon \u015eirketi Hakk\u0131m\u0131zda. G\u00fcc\u00fcn\u00fc bilgi, deneyim ve yarat\u0131c\u0131l\u0131ktan alan Alan Films, son teknolojili donan\u0131m ve ekipman deste\u011fi ile ihtiya\u00e7 duyulan her alanda, profesyonel prod\u00fcksiyon hizmetleri sunar. Ba\u015fta firma ve markalar olmak \u00fczere; kurum, kurulu\u015f ya da bireylerin beklenti ve istekleri do\u011frultusunda prod\u00fcksiyon s\u00fcrecinin her alan\u0131nda h\u0131zl\u0131 [...]","protected":false},"author":1,"featured_media":0,"parent":0,"menu_order":0,"comment_status":"open","ping_status":"closed","template":"page-templates\/template-canvas.php","meta":{"footnotes":""},"class_list":["post-640","page","type-page","status-publish","hentry"],"_links":{"self":[{"href":"https:\/\/alanfilms.com.tr\/tr\/wp-json\/wp\/v2\/pages\/640","targetHints":{"allow":["GET"]}}],"collection":[{"href":"https:\/\/alanfilms.com.tr\/tr\/wp-json\/wp\/v2\/pages"}],"about":[{"href":"https:\/\/alanfilms.com.tr\/tr\/wp-json\/wp\/v2\/types\/page"}],"author":[{"embeddable":true,"href":"https:\/\/alanfilms.com.tr\/tr\/wp-json\/wp\/v2\/users\/1"}],"replies":[{"embeddable":true,"href":"https:\/\/alanfilms.com.tr\/tr\/wp-json\/wp\/v2\/comments?post=640"}],"version-history":[{"count":36,"href":"https:\/\/alanfilms.com.tr\/tr\/wp-json\/wp\/v2\/pages\/640\/revisions"}],"predecessor-version":[{"id":1139,"href":"https:\/\/alanfilms.com.tr\/tr\/wp-json\/wp\/v2\/pages\/640\/revisions\/1139"}],"wp:attachment":[{"href":"https:\/\/alanfilms.com.tr\/tr\/wp-json\/wp\/v2\/media?parent=640"}],"curies":[{"name":"wp","href":"https:\/\/api.w.org\/{rel}","templated":true}]}}