{"id":551,"date":"2015-02-26T07:52:29","date_gmt":"2015-02-26T07:52:29","guid":{"rendered":"http:\/\/demo.oceanthemes.net\/pallas\/?page_id=551"},"modified":"2022-03-22T20:36:02","modified_gmt":"2022-03-22T20:36:02","slug":"iletisim","status":"publish","type":"page","link":"https:\/\/alanfilms.com.tr\/tr\/iletisim\/","title":{"rendered":"\u0130leti\u015fim"},"content":{"rendered":"<section id=\"scroll-link\" class=\"bg-fixed relative vc_row wpb_row shadow-sec vc_custom_1646413994066\"><div class=\"container\"><div class=\"rows\"><div class=\"wpb_column vc_column_container sixteen columns\"><div class=\"\"><div class=\"wpb_wrapper \">\t\r\n\t<div class=\"section-header-text\">\r\n\t\t<h4>\u0130leti\u015fim<b>.<\/b><\/h4>\t\t<p>Sizi bekliyoruz, bizimle \u0130leti\u015fime ge\u00e7in!<\/p>\t\t<div class=\"line-header\"><\/div>\r\n\t<\/div>\r\n\t<\/div><\/div><\/div><div class=\"wpb_column vc_column_container sixteen columns\"><div class=\"\"><div class=\"wpb_wrapper \">\n\t<div class=\"wpb_raw_code wpb_content_element wpb_raw_html\" >\n\t\t<div class=\"wpb_wrapper\">\n\t\t\t\n<div class=\"wpcf7 no-js\" id=\"wpcf7-f6-o1\" lang=\"en-US\" dir=\"ltr\">\n<div class=\"screen-reader-response\"><p role=\"status\" aria-live=\"polite\" aria-atomic=\"true\"><\/p> <ul><\/ul><\/div>\n<form action=\"\/tr\/wp-json\/wp\/v2\/pages\/551#wpcf7-f6-o1\" method=\"post\" class=\"wpcf7-form init\" aria-label=\"Contact form\" novalidate=\"novalidate\" data-status=\"init\">\n<div style=\"display: none;\">\n<input type=\"hidden\" name=\"_wpcf7\" value=\"6\" \/>\n<input type=\"hidden\" name=\"_wpcf7_version\" value=\"5.8.1\" \/>\n<input type=\"hidden\" name=\"_wpcf7_locale\" value=\"en_US\" \/>\n<input type=\"hidden\" name=\"_wpcf7_unit_tag\" value=\"wpcf7-f6-o1\" \/>\n<input type=\"hidden\" name=\"_wpcf7_container_post\" value=\"0\" \/>\n<input type=\"hidden\" name=\"_wpcf7_posted_data_hash\" value=\"\" \/>\n<\/div>\n<div class=\"eight columns\">\n\t<p><span class=\"wpcf7-form-control-wrap\" data-name=\"your-name\"><input size=\"40\" class=\"wpcf7-form-control wpcf7-text wpcf7-validates-as-required\" aria-required=\"true\" aria-invalid=\"false\" placeholder=\"Ad - Soyad: *\" value=\"\" type=\"text\" name=\"your-name\" \/><\/span>\n\t<\/p>\n<\/div>\n<div class=\"eight columns\">\n\t<p><span class=\"wpcf7-form-control-wrap\" data-name=\"your-email\"><input size=\"40\" class=\"wpcf7-form-control wpcf7-email wpcf7-validates-as-required wpcf7-text wpcf7-validates-as-email\" aria-required=\"true\" aria-invalid=\"false\" placeholder=\"E-Posta: *\" value=\"\" type=\"email\" name=\"your-email\" \/><\/span>\n\t<\/p>\n<\/div>\n<div class=\"sixteen columns\">\n\t<p><span class=\"wpcf7-form-control-wrap\" data-name=\"your-tel\"><input size=\"40\" class=\"wpcf7-form-control wpcf7-tel wpcf7-validates-as-required wpcf7-text wpcf7-validates-as-tel\" aria-required=\"true\" aria-invalid=\"false\" placeholder=\"Telefon: *\" value=\"\" type=\"tel\" name=\"your-tel\" \/><\/span>\n\t<\/p>\n<\/div>\n<div class=\"sixteen columns\">\n\t<p><span class=\"wpcf7-form-control-wrap\" data-name=\"your-message\"><textarea cols=\"40\" rows=\"10\" class=\"wpcf7-form-control wpcf7-textarea\" aria-invalid=\"false\" placeholder=\"Not:\" name=\"your-message\"><\/textarea><\/span>\n\t<\/p>\n<\/div>\n<div class=\"sixteen columns\">\n\t<div id=\"button-con\">\n\t\t<p><input class=\"wpcf7-form-control wpcf7-submit has-spinner send_message\" id=\"send\" type=\"submit\" value=\"G\u00f6nder\" \/>\n\t\t<\/p>\n\t<\/div>\n<\/div><div class=\"wpcf7-response-output\" aria-hidden=\"true\"><\/div>\n<\/form>\n<\/div>\n\n\t\t<\/div>\n\t<\/div>\n<\/div><\/div><\/div><\/div><\/div><\/section><section class=\"bg-fixed relative vc_row wpb_row vc_custom_1646413974397\"><div class=\"container\"><div class=\"rows\"><div class=\"wpb_column vc_column_container one-third column\"><div class=\"\"><div class=\"wpb_wrapper \">\t\r\n\t<div class=\"contact-details\">\r\n\t\t<p><span><i class=\"fa fa-paper-plane\"><\/i><\/span>Email:<\/p> \r\n\t\t<h6>info@alanfilms.com.tr<\/h6>\r\n\t<\/div>\t\r\n\r\n\t\r\n\t<div class=\"social-top\">\r\n\t\t<ul class=\"list-social\">\r\n\t\t\t\t\t\t\t<li class=\"icon-soc tipped\" data-title=\"linkedin\"  data-tipper-options='{\"direction\":\"top\",\"follow\":\"true\"}'>\r\n\t\t\t\t\t<a target=\"_blank\" href=\"https:\/\/www.linkedin.com\/company\/alanfilms\/\"><i class=\"fa fa-linkedin\"><\/i><\/a>\r\n\t\t\t\t<\/li>\r\n\t\t\t\t\t\t\t\t\t\t<li class=\"icon-soc tipped\" data-title=\"instagram\"  data-tipper-options='{\"direction\":\"top\",\"follow\":\"true\"}'>\r\n\t\t\t\t\t<a target=\"_blank\" href=\"https:\/\/www.instagram.com\/alanfilmsofficial\"><i class=\"fa fa-instagram\"><\/i><\/a>\r\n\t\t\t\t<\/li>\r\n\t\t\t\t\t\t\t\t\t\t<li class=\"icon-soc tipped\" data-title=\"vimeo\"  data-tipper-options='{\"direction\":\"top\",\"follow\":\"true\"}'>\r\n\t\t\t\t\t<a target=\"_blank\" href=\"https:\/\/vimeo.com\/berkalan\"><i class=\"fa fa-vimeo\"><\/i><\/a>\r\n\t\t\t\t<\/li>\r\n\t\t\t\t\t\t\t\t\t\t<li class=\"icon-soc tipped\" data-title=\"facebook\"  data-tipper-options='{\"direction\":\"top\",\"follow\":\"true\"}'>\r\n\t\t\t\t\t<a target=\"_blank\" href=\"https:\/\/www.facebook.com\/alanfilmsproduction\"><i class=\"fa fa-facebook\"><\/i><\/a>\r\n\t\t\t\t<\/li>\r\n\t\t\t\t\t\t\t\t<\/ul>\t\r\n\t<\/div>\r\n\r\n<\/div><\/div><\/div><div class=\"wpb_column vc_column_container one-third column\"><div class=\"vc_custom_1646325637095\"><div class=\"wpb_wrapper \">\n\t<div class=\"wpb_text_column wpb_content_element  sosyal\" >\n\t\t<div class=\"wpb_wrapper\">\n\t\t\t<h4 style=\"text-align: center;\">Sosyal Medya<\/h4>\n\n\t\t<\/div>\n\t<\/div>\n<\/div><\/div><\/div><div class=\"wpb_column vc_column_container one-third column\"><div class=\"vc_custom_1646329333296\"><div class=\"wpb_wrapper \">\t\r\n\t<div class=\"contact-details\">\r\n\t\t<p><span><i class=\"fa fa-map-marker\"><\/i><\/span>Adres:<\/p> \r\n\t\t<h6>Archerson K\u00f6\u015fk\u00fc, \u015eefikbey Sokak No:3<br \/>\nKad\u0131k\u00f6y\/\u0130stanbul 34724<\/h6>\r\n\t<\/div>\t\r\n\r\n<\/div><\/div><\/div><\/div><\/div><\/section><section class=\"bg-fixed relative vc_row wpb_row vc_custom_1646413863928 vc_row-has-fill\"><div class=\"container\"><div class=\"rows\"><div class=\"wpb_column vc_column_container sixteen columns\"><div class=\"\"><div class=\"wpb_wrapper \">\n\t<div class=\"wpb_text_column wpb_content_element \" >\n\t\t<div class=\"wpb_wrapper\">\n\t\t\t<h6 style=\"text-align: center;\"><span style=\"color: #ffffff;\">ARCHERSON K\u00d6\u015eK\u00dc, \u015eEF\u0130KBEY SOKAK NO:3<\/span><br \/>\n<span style=\"color: #ffffff;\">KADIK\u00d6Y\/\u0130STANBUL 34724<\/span><\/h6>\n<p>&nbsp;<\/p>\n<h6 style=\"text-align: center;\"><span style=\"color: #ffffff;\"><a style=\"color: #ffffff;\" href=\"https:\/\/www.google.com\/maps\/place\/Archerson+Kad%C4%B1k%C3%B6y\/@40.987406,29.034931,15z\/data=!4m5!3m4!1s0x0:0x1cd6f6381a10579d!8m2!3d40.987406!4d29.034931\">Bizi Harita \u00dczerinde Bulun<\/a><\/span><\/h6>\n\n\t\t<\/div>\n\t<\/div>\n<\/div><\/div><\/div><\/div><\/div><\/section>\n","protected":false},"excerpt":{"rendered":"\u0130leti\u015fim. Sizi bekliyoruz, bizimle \u0130leti\u015fime ge\u00e7in! Email: info@alanfilms.com.tr Sosyal Medya Adres: Archerson K\u00f6\u015fk\u00fc, \u015eefikbey Sokak No:3 Kad\u0131k\u00f6y\/\u0130stanbul 34724 ARCHERSON K\u00d6\u015eK\u00dc, \u015eEF\u0130KBEY SOKAK NO:3 KADIK\u00d6Y\/\u0130STANBUL 34724 &nbsp; Bizi Harita \u00dczerinde Bulun","protected":false},"author":1,"featured_media":0,"parent":0,"menu_order":0,"comment_status":"open","ping_status":"closed","template":"page-templates\/page-fullwidth.php","meta":{"footnotes":""},"class_list":["post-551","page","type-page","status-publish","hentry"],"_links":{"self":[{"href":"https:\/\/alanfilms.com.tr\/tr\/wp-json\/wp\/v2\/pages\/551","targetHints":{"allow":["GET"]}}],"collection":[{"href":"https:\/\/alanfilms.com.tr\/tr\/wp-json\/wp\/v2\/pages"}],"about":[{"href":"https:\/\/alanfilms.com.tr\/tr\/wp-json\/wp\/v2\/types\/page"}],"author":[{"embeddable":true,"href":"https:\/\/alanfilms.com.tr\/tr\/wp-json\/wp\/v2\/users\/1"}],"replies":[{"embeddable":true,"href":"https:\/\/alanfilms.com.tr\/tr\/wp-json\/wp\/v2\/comments?post=551"}],"version-history":[{"count":24,"href":"https:\/\/alanfilms.com.tr\/tr\/wp-json\/wp\/v2\/pages\/551\/revisions"}],"predecessor-version":[{"id":1031,"href":"https:\/\/alanfilms.com.tr\/tr\/wp-json\/wp\/v2\/pages\/551\/revisions\/1031"}],"wp:attachment":[{"href":"https:\/\/alanfilms.com.tr\/tr\/wp-json\/wp\/v2\/media?parent=551"}],"curies":[{"name":"wp","href":"https:\/\/api.w.org\/{rel}","templated":true}]}}