{"id":383,"date":"2015-02-10T09:30:08","date_gmt":"2015-02-10T09:30:08","guid":{"rendered":"http:\/\/demo.oceanthemes.net\/pallas\/?page_id=383"},"modified":"2022-04-06T14:54:10","modified_gmt":"2022-04-06T14:54:10","slug":"hakkimizda","status":"publish","type":"page","link":"https:\/\/alanfilms.com.tr\/tr\/hakkimizda\/","title":{"rendered":"Hakk\u0131m\u0131zda"},"content":{"rendered":"<section class=\"bg-fixed relative vc_row wpb_row vc_custom_1646657119947 vc_row-has-fill\"><div class=\"container\"><div class=\"rows\"><div class=\"section-big-header-text wpb_column vc_column_container eight columns\"><div class=\"\"><div class=\"wpb_wrapper \"><h2 style=\"text-align: left;\">Bilgi, Teknoloji ve Yarat\u0131c\u0131l\u0131\u011f\u0131n Kesi\u015fimi Bu Alan\u2019da!<\/h2>\t\r\n\t<div class=\"section-header-text-left\">\r\n\t\t\t\t\t\t<div class=\"line-header\"><\/div>\r\n\t<\/div>\r\n\t\n\t<div class=\"wpb_text_column wpb_content_element \" >\n\t\t<div class=\"wpb_wrapper\">\n\t\t\t<p>Deneyim ve Yetenek ile G\u00fc\u00e7lenen<br \/>\nProd\u00fcksiyon \u015eirketi<\/p>\n\n\t\t<\/div>\n\t<\/div>\n<\/div><\/div><\/div><div class=\"wpb_column vc_column_container eight columns\"><div class=\"\"><div class=\"wpb_wrapper \">\n\t<div class=\"wpb_text_column wpb_content_element \" >\n\t\t<div class=\"wpb_wrapper\">\n\t\t\t<p>G\u00fcc\u00fcn\u00fc bilgi, deneyim ve yarat\u0131c\u0131l\u0131ktan alan <strong>Alan Films<\/strong>, son teknolojili donan\u0131m ve ekipman deste\u011fi ile ihtiya\u00e7 duyulan her alanda, profesyonel prod\u00fcksiyon hizmetleri sunar. Ba\u015fta firma ve markalar olmak \u00fczere; kurum, kurulu\u015f ya da bireylerin beklenti ve istekleri do\u011frultusunda prod\u00fcksiyon s\u00fcrecinin her alan\u0131nda h\u0131zl\u0131 ve etkili \u00e7\u00f6z\u00fcmler \u00fcretir.<\/p>\n<p>Hizmet sundu\u011fu ki\u015fi ve kurumlara art\u0131 de\u011fer katmak i\u00e7in tam hizmet prod\u00fcksiyon \u015firketi olarak faaliyet g\u00f6steren <strong>Alan Films<\/strong>, ihtiya\u00e7lar\u0131n s\u00fcrekli olarak de\u011fi\u015fim g\u00f6sterdi\u011fi g\u00fcn\u00fcm\u00fczde, 21. y\u00fczy\u0131l\u0131n sekt\u00f6rel dinamiklerini takip ederek ve geli\u015fmi\u015f g\u00f6r\u00fcnt\u00fcleme teknolojilerini kullanarak y\u00fcksek standartta kaliteli yap\u0131m hizmetleri sunar.<\/p>\n<p>\u015eirket Kurucusu ve Y\u00f6neticisi <a href=\"https:\/\/berkalan.com\/\" target=\"_blank\" rel=\"noopener\"><u><strong>Berk Alan<\/strong><\/u><\/a>\u2019\u0131n kurumsal deneyimi ve zengin portf\u00f6y\u00fc ile marka kimli\u011fini g\u00fc\u00e7lendiren <strong>Alan Films<\/strong> ba\u015fta; Tan\u0131t\u0131m Filmi, Reklam Tan\u0131t\u0131m Filmi, Kurumsal Film, Dijital Filmler ve M\u00fczik Klibi gibi k\u0131sa ve uzun metrajl\u0131 t\u00fcm filmlerin \u00fcretimi i\u00e7in g\u00fcvenilir ve etik hizmet yakla\u015f\u0131m\u0131n\u0131 sergiler. Film \u00fcretim s\u00fcrecinde; senaryo ve yarat\u0131c\u0131 fikir \u00fcretim a\u015famas\u0131ndan \u00e7ekim, kurgu, montaj, renk d\u00fczenleme, g\u00f6rsel efekt, ses miksaj\u0131 gibi post prod\u00fcksiyon s\u00fcrecine kadar profesyonel hizmet veren <strong>Alan Films<\/strong>, Tan\u0131t\u0131m Filmi \u00c7ekimi, Profesyonel Tan\u0131t\u0131m Filmi, Tan\u0131t\u0131m \u00c7ekimi ve Kurumsal Tan\u0131t\u0131m Filmleri gibi film \u00fcretimi d\u0131\u015f\u0131nda; ekip ve ekipman kiralama, reji, canl\u0131 yay\u0131n ve \u00f6zg\u00fcn m\u00fczik \u00fcretimi gibi alanlarda kapsaml\u0131 prod\u00fcksiyon hizmeti sa\u011flar.<\/p>\n<p><a href=\"https:\/\/alanfilms.com.tr\/neler-yapiyoruz\">Hizmetler ile ilgili detayl\u0131 bilgiye ula\u015fmak i\u00e7in t\u0131klay\u0131n\u0131z.<\/a><\/p>\n\n\t\t<\/div>\n\t<\/div>\n<\/div><\/div><\/div><\/div><\/div><\/section><section id=\"hizmetlerimiz\" class=\"bg-fixed relative vc_row wpb_row vc_custom_1646577789456 vc_row-has-fill\"><div class=\"container\"><div class=\"rows\"><div class=\"wpb_column vc_column_container sixteen columns\"><div class=\"\"><div class=\"wpb_wrapper \">\t\r\n\t<div class=\"section-header-text-left\">\r\n\t\t<h4>Hizmetler<b>.<\/b><\/h4>\t\t<p>360 Derece Profesyonel Hizmet Bu Alan\u2019da!<\/p>\t\t<div class=\"line-header\"><\/div>\r\n\t<\/div>\r\n\t<\/div><\/div><\/div><\/div><\/div><\/section><section class=\"bg-fixed relative vc_row wpb_row vc_custom_1646657268302 vc_row-has-fill\"><div class=\"container\"><div class=\"rows\"><div class=\"wpb_column vc_column_container four columns\"><div class=\"\"><div class=\"wpb_wrapper \">\r\n\t\t\t\t\t\t<div class=\"services-box\">\r\n\t\t\t\t<h6><span><i class=\"fa fa-pencil\"><\/i><\/span> Senaryo ve Konsept \u00dcretimi<\/h6>\r\n\t\t\t\tProd\u00fcksiyon s\u00fcrecinin her a\u015famas\u0131na destek olan <strong>Alan Films<\/strong>, ihtiya\u00e7lar do\u011frultusunda senaryo ve konsept \u00e7\u00f6z\u00fcmlerin geli\u015ftirilmesini sa\u011flar. Her t\u00fcrl\u00fc prod\u00fcksiyon \u00e7al\u0131\u015fmas\u0131n\u0131 yarat\u0131c\u0131 fikirler ile besler.\t\t\t<\/div>\r\n\t\t\t\r\n<\/div><\/div><\/div><div class=\"wpb_column vc_column_container four columns\"><div class=\"\"><div class=\"wpb_wrapper \">\r\n\t\t\t\t\t\t<div class=\"services-box\">\r\n\t\t\t\t<h6><span><i class=\"fa fa-map\"><\/i><\/span> Medya Planlama ve Sat\u0131n Alma<\/h6>\r\n\t\t\t\t<strong>Alan Films<\/strong>, prod\u00fcksiyon \u00e7al\u0131\u015fmalar\u0131n\u0131n tamamlay\u0131c\u0131s\u0131 olan medya planlama ve sat\u0131n alma hizmetleri i\u00e7in destek olur. \u0130\u00e7eriklerinizi yay\u0131nlatmak istedi\u011finiz mecralar ile profesyonel g\u00f6r\u00fc\u015fmeler yaparak, sizin ad\u0131n\u0131za avantajl\u0131 fiyat teklifleri al\u0131r.\t\t\t<\/div>\r\n\t\t\t\r\n<\/div><\/div><\/div><div class=\"wpb_column vc_column_container four columns\"><div class=\"\"><div class=\"wpb_wrapper \">\r\n\t\t\t\t\t\t<div class=\"services-box\">\r\n\t\t\t\t<h6><span><i class=\"fa fa-picture-o\"><\/i><\/span> Cast Hizmetleri<\/h6>\r\n\t\t\t\tProd\u00fcksiyon \u00e7al\u0131\u015fmalar\u0131n\u0131n en \u00f6nemli g\u00f6rsel malzemelerinden olan cast yani oyuncu se\u00e7imi konusunda uzmanl\u0131k deneyimi ile hizmet sunan <strong>Alan Films<\/strong>, projeye uygun \u015fekilde t\u00fcm cast\u2019\u0131 olu\u015fturur. Fig\u00fcrandan, celebrity\u2019e kadar prod\u00fcksiyon i\u00e7in gerekli olan t\u00fcm oyuncular\u0131 se\u00e7er veya marka y\u00fcz\u00fc i\u00e7in avantajl\u0131 anla\u015fmalar yapman\u0131z\u0131 kolayla\u015ft\u0131r\u0131r.\t\t\t<\/div>\r\n\t\t\t\r\n<\/div><\/div><\/div><div class=\"wpb_column vc_column_container four columns\"><div class=\"\"><div class=\"wpb_wrapper \">\r\n\t\t\t\t\t\t<div class=\"services-box\">\r\n\t\t\t\t<h6><span><i class=\"fa fa-video\"><\/i><\/span> Film ve Prod\u00fcksiyon Hizmetleri<\/h6>\r\n\t\t\t\tProd\u00fcksiyon \u00e7al\u0131\u015fmalar\u0131 konusunda mek\u00e2n, oyuncu, \u00e7ekim, y\u00f6netim ve \u00e7ekim sonras\u0131 \u00e7al\u0131\u015fmalar gibi t\u00fcm hizmetleri birinci elden en profesyonel bi\u00e7imde tamamlayan <strong>Alan Films<\/strong>, tan\u0131t\u0131m filmlerinden reklam filmlerine, belgeselden sinemaya, kamu spotundan dijital filmlere kadar yap\u0131m \u00e7al\u0131\u015fmalar\u0131n\u0131, her alanda titizlikle yapar. Prod\u00fcksiyon \u00fcretimi s\u00fcrecinde son teknoloji ekipmanlar ve deneyimli kadrosu ile en kaliteli sonu\u00e7lar\u0131n al\u0131nmas\u0131na hizmet eder.\t\t\t<\/div>\r\n\t\t\t\r\n<\/div><\/div><\/div><\/div><\/div><\/section><section class=\"bg-fixed relative vc_row wpb_row vc_custom_1425351785781 vc_row-has-fill\"><div class=\"container\"><div class=\"rows\"><div class=\"wpb_column vc_column_container four columns\"><div class=\"\"><div class=\"wpb_wrapper \">\r\n\t\t\t\t\t\t<div class=\"services-box\">\r\n\t\t\t\t<h6><span><i class=\"fa fa-camera\"><\/i><\/span> \u00d6zel Video ve Foto\u011fraf \u00c7ekimi<\/h6>\r\n\t\t\t\t\u0130htiyac\u0131n\u0131z gerek video gerekse foto\u011fraf olsun; her t\u00fcrl\u00fc \u00f6zel \u00e7ekim i\u00e7in <strong>Alan Films<\/strong> uzmanl\u0131\u011f\u0131ndan destek alabilirsiniz. \u00d6zel g\u00fcn \u00e7ekimlerinden etkinliklere, drone \u00e7ekimlerinden 360 derece \u00e7ekimlere, akt\u00fcel \u00e7ekimlerden \u00fcr\u00fcn ve model \u00e7ekimine var\u0131ncaya dek, t\u00fcm \u00e7ekim ihtiya\u00e7lar\u0131n\u0131z i\u00e7in g\u00fcvenilir sonu\u00e7lar elde edebilirsiniz.\t\t\t<\/div>\r\n\t\t\t\r\n<\/div><\/div><\/div><div class=\"wpb_column vc_column_container four columns\"><div class=\"\"><div class=\"wpb_wrapper \">\r\n\t\t\t\t\t\t<div class=\"services-box\">\r\n\t\t\t\t<h6><span><i class=\"fa fa-film\"><\/i><\/span> Yay\u0131n Hizmeti<\/h6>\r\n\t\t\t\tProd\u00fcksiyon \u00e7al\u0131\u015fmalar\u0131n\u0131n \u00f6nemli kollar\u0131ndan olan yay\u0131nc\u0131l\u0131k alan\u0131nda da tecr\u00fcbeli olan <strong>Alan Films<\/strong>, canl\u0131 yay\u0131n veya online yay\u0131nlar i\u00e7in profesyonel ekibi ile destek sa\u011flar.\t\t\t<\/div>\r\n\t\t\t\r\n<\/div><\/div><\/div><div class=\"wpb_column vc_column_container four columns\"><div class=\"\"><div class=\"wpb_wrapper \">\r\n\t\t\t\t\t\t<div class=\"services-box\">\r\n\t\t\t\t<h6><span><i class=\"fa fa-music\"><\/i><\/span> Ses ve M\u00fczik Hizmetleri<\/h6>\r\n\t\t\t\tProd\u00fcksiyon hizmetlerinin bir di\u011fer tamamlay\u0131c\u0131s\u0131 olan ses ve m\u00fczik alan\u0131nda da deneyim sahibi olan <strong>Alan Films<\/strong>, m\u00fczik klibi \u00e7ekimi, \u00f6zg\u00fcn m\u00fczik ve jingle \u00fcretimi, profesyonel ses kayd\u0131 ve dublaj gibi alanlarda deneyimli ekibi ile son teknolojileri kullanarak hizmet sunar.\t\t\t<\/div>\r\n\t\t\t\r\n<\/div><\/div><\/div><div class=\"wpb_column vc_column_container four columns\"><div class=\"\"><div class=\"wpb_wrapper \">\r\n\t\t\t\t\t\t<div class=\"services-box\">\r\n\t\t\t\t<h6><span><i class=\"fa fa-laptop\"><\/i><\/span> Post Prod\u00fcksiyon Hizmetleri<\/h6>\r\n\t\t\t\tProd\u00fcksiyon s\u00fcrecinin g\u00fc\u00e7lendirici etkisi post prod\u00fcksiyonun her a\u015famas\u0131 i\u00e7in hassasiyetle \u00e7\u00f6z\u00fcm \u00fcreten <strong>Alan Films<\/strong>, bu alanda kurgudan montaja, dublajdan animasyona, efekt \u00e7al\u0131\u015fmalar\u0131ndan renk d\u00fczenlemeye kadar t\u00fcm a\u015famalarda son teknolojileri kullan\u0131p, itinayla \u00e7al\u0131\u015farak, prod\u00fcksiyonu g\u00f6rsel, i\u015fitsel a\u00e7\u0131dan zenginle\u015ftirir ve en m\u00fckemmel sonuca ula\u015fmay\u0131 sa\u011flar.\t\t\t<\/div>\r\n\t\t\t\r\n<\/div><\/div><\/div><\/div><\/div><\/section>\n","protected":false},"excerpt":{"rendered":"Bilgi, Teknoloji ve Yarat\u0131c\u0131l\u0131\u011f\u0131n Kesi\u015fimi Bu Alan\u2019da! Deneyim ve Yetenek ile G\u00fc\u00e7lenen Prod\u00fcksiyon \u015eirketi G\u00fcc\u00fcn\u00fc bilgi, deneyim ve yarat\u0131c\u0131l\u0131ktan alan Alan Films, son teknolojili donan\u0131m ve ekipman deste\u011fi ile ihtiya\u00e7 duyulan her alanda, profesyonel prod\u00fcksiyon hizmetleri sunar. Ba\u015fta firma ve markalar olmak \u00fczere; kurum, kurulu\u015f ya da bireylerin beklenti ve istekleri do\u011frultusunda prod\u00fcksiyon s\u00fcrecinin her [...]","protected":false},"author":1,"featured_media":0,"parent":0,"menu_order":0,"comment_status":"open","ping_status":"open","template":"page-templates\/page-fullwidth.php","meta":{"footnotes":""},"class_list":["post-383","page","type-page","status-publish","hentry"],"_links":{"self":[{"href":"https:\/\/alanfilms.com.tr\/tr\/wp-json\/wp\/v2\/pages\/383","targetHints":{"allow":["GET"]}}],"collection":[{"href":"https:\/\/alanfilms.com.tr\/tr\/wp-json\/wp\/v2\/pages"}],"about":[{"href":"https:\/\/alanfilms.com.tr\/tr\/wp-json\/wp\/v2\/types\/page"}],"author":[{"embeddable":true,"href":"https:\/\/alanfilms.com.tr\/tr\/wp-json\/wp\/v2\/users\/1"}],"replies":[{"embeddable":true,"href":"https:\/\/alanfilms.com.tr\/tr\/wp-json\/wp\/v2\/comments?post=383"}],"version-history":[{"count":29,"href":"https:\/\/alanfilms.com.tr\/tr\/wp-json\/wp\/v2\/pages\/383\/revisions"}],"predecessor-version":[{"id":758,"href":"https:\/\/alanfilms.com.tr\/tr\/wp-json\/wp\/v2\/pages\/383\/revisions\/758"}],"wp:attachment":[{"href":"https:\/\/alanfilms.com.tr\/tr\/wp-json\/wp\/v2\/media?parent=383"}],"curies":[{"name":"wp","href":"https:\/\/api.w.org\/{rel}","templated":true}]}}