{"id":381,"date":"2015-02-10T08:20:28","date_gmt":"2015-02-10T08:20:28","guid":{"rendered":"http:\/\/demo.oceanthemes.net\/pallas\/?page_id=381"},"modified":"2022-04-06T14:50:46","modified_gmt":"2022-04-06T14:50:46","slug":"blog","status":"publish","type":"page","link":"https:\/\/alanfilms.com.tr\/tr\/blog\/","title":{"rendered":"Blog"},"content":{"rendered":"<section id=\"scroll-link\" class=\"bg-fixed relative vc_row wpb_row\"><div class=\"container\"><div class=\"rows\"><div class=\"wpb_column vc_column_container sixteen columns\"><div class=\"\"><div class=\"wpb_wrapper \">\t\r\n\t<div class=\"cd-half-block\">\r\n\t\t<div class=\"bg-block\" style=\"background-image:url(https:\/\/alanfilms.com.tr\/wp-content\/uploads\/2022\/03\/1.blog-sayfasi.jpg);\"><\/div>\r\n\t<\/div>\r\n\t<div class=\"cd-half-block\">\r\n\t\t<div class=\"block-text\">\r\n\t\t\t<h2>Reklam ve Tan\u0131t\u0131m Filmi<\/h2>\t\t\t<p>Reklam ve tan\u0131t\u0131m filmi \u00e7ekimi ger\u00e7ekle\u015ftirilmeden \u00f6nce b\u00fct\u00e7e planlamas\u0131n\u0131n yap\u0131lmas\u0131 \u015fartt\u0131r. Aksi takdirde ba\u015far\u0131l\u0131 sonu\u00e7lara ula\u015fmak kolay olmayacakt\u0131r. Alan Films olarak sizden gelen talepler do\u011frultusunda en ideal teklifi yapar\u0131z. Teklif s\u0131ras\u0131nda b\u00fct\u00fcn senaryolar\u0131 g\u00f6z \u00f6n\u00fcnde bulundururuz. B\u00f6ylelikle proje i\u00e7in ekstra b\u00fct\u00e7e talebine neden olmayacak \u015fekilde hareket ederiz&#8230;<\/p>\t\t\t<a href=\"https:\/\/alanfilms.com.tr\/reklam-ve-tanitim-filmi\/\" class=\"btn animsition-link\">DEVAMINI OKU<\/a>\t\t<\/div>\r\n\t<\/div>\r\n\r\n<\/div><\/div><\/div><\/div><\/div><\/section><section class=\"bg-fixed relative vc_row wpb_row\"><div class=\"container\"><div class=\"rows\"><div class=\"wpb_column vc_column_container sixteen columns\"><div class=\"\"><div class=\"wpb_wrapper \">\t\r\n\t<div class=\"cd-half-block\">\r\n\t\t<div class=\"bg-block\" style=\"background-image:url(https:\/\/alanfilms.com.tr\/wp-content\/uploads\/2022\/03\/2.blog-sayfasi.jpg);\"><\/div>\r\n\t<\/div>\r\n\t<div class=\"cd-half-block\">\r\n\t\t<div class=\"block-text\">\r\n\t\t\t<h2>Sosyal Medya Videolar\u0131<\/h2>\t\t\t<p>Dijitalle\u015fmenin insan ya\u015fam\u0131na getirdi\u011fi en b\u00fcy\u00fck yeniliklerden bir tanesi olan \u2018Sosyal Medya\u2019 ya\u015fam tarz\u0131 ve davran\u0131\u015f bi\u00e7imleri \u00fczerinde ciddi etkilere sahiptir. \u0130nsanlar\u0131n sosyal ya\u015fam\u0131n\u0131 derinlemesine etkileyen sosyal medya, bireysel etkilerinin yan\u0131 s\u0131ra ticari etkileri de \u00e7ok ciddi boyutlarda bir mecraya d\u00f6n\u00fc\u015fm\u00fc\u015ft\u00fcr. Bireylerin geni\u015f kitlelerle etkile\u015fim f\u0131rsatlar\u0131n\u0131 markalar\u0131n geni\u015f t\u00fcketici portf\u00f6y\u00fcne sahip olma yakla\u015f\u0131m\u0131 takip etmi\u015ftir&#8230;<\/p>\t\t\t<a href=\"https:\/\/alanfilms.com.tr\/sosyal-medya-videolari\/\" class=\"btn animsition-link\">DEVAMINI OKU<\/a>\t\t<\/div>\r\n\t<\/div>\r\n\r\n<\/div><\/div><\/div><\/div><\/div><\/section><section class=\"bg-fixed relative vc_row wpb_row\"><div class=\"container\"><div class=\"rows\"><div class=\"wpb_column vc_column_container sixteen columns\"><div class=\"\"><div class=\"wpb_wrapper \">\t\r\n\t<div class=\"cd-half-block\">\r\n\t\t<div class=\"bg-block\" style=\"background-image:url(https:\/\/alanfilms.com.tr\/wp-content\/uploads\/2022\/03\/hakkimizda2.jpg);\"><\/div>\r\n\t<\/div>\r\n\t<div class=\"cd-half-block\">\r\n\t\t<div class=\"block-text\">\r\n\t\t\t<h2>Prod\u00fcksiyon Hizmetleri<\/h2>\t\t\t<p>Prod\u00fcksiyon hizmetleri pek \u00e7ok a\u015famadan olu\u015fan bir hizmetler b\u00fct\u00fcn\u00fcd\u00fcr. Reklam, m\u00fczik klibi, dizi, film, belgesel ya da di\u011fer b\u00fct\u00fcn alternatiflerle alakal\u0131 s\u00fcre\u00e7leri esas alan prod\u00fcksiyon uzun ve me\u015fakkatli bir \u00e7al\u0131\u015fmad\u0131r. Bu tan\u0131ma ra\u011fmen prod\u00fcksiyon nedir? Sorusunun cevab\u0131n\u0131 ararken kafa kar\u0131\u015f\u0131kl\u0131\u011f\u0131 ya\u015faman\u0131z m\u00fcmk\u00fcnd\u00fcr&#8230;<\/p>\t\t\t<a href=\"https:\/\/alanfilms.com.tr\/produksiyon-hizmetleri\/\" class=\"btn animsition-link\">DEVAMINI OKU<\/a>\t\t<\/div>\r\n\t<\/div>\r\n\r\n<\/div><\/div><\/div><\/div><\/div><\/section>\n","protected":false},"excerpt":{"rendered":"Reklam ve Tan\u0131t\u0131m Filmi Reklam ve tan\u0131t\u0131m filmi \u00e7ekimi ger\u00e7ekle\u015ftirilmeden \u00f6nce b\u00fct\u00e7e planlamas\u0131n\u0131n yap\u0131lmas\u0131 \u015fartt\u0131r. Aksi takdirde ba\u015far\u0131l\u0131 sonu\u00e7lara ula\u015fmak kolay olmayacakt\u0131r. Alan Films olarak sizden gelen talepler do\u011frultusunda en ideal teklifi yapar\u0131z. Teklif s\u0131ras\u0131nda b\u00fct\u00fcn senaryolar\u0131 g\u00f6z \u00f6n\u00fcnde bulundururuz. B\u00f6ylelikle proje i\u00e7in ekstra b\u00fct\u00e7e talebine neden olmayacak \u015fekilde hareket ederiz... DEVAMINI OKU Sosyal Medya [...]","protected":false},"author":1,"featured_media":0,"parent":0,"menu_order":0,"comment_status":"open","ping_status":"closed","template":"page-templates\/template-canvas.php","meta":{"footnotes":""},"class_list":["post-381","page","type-page","status-publish","hentry"],"_links":{"self":[{"href":"https:\/\/alanfilms.com.tr\/tr\/wp-json\/wp\/v2\/pages\/381","targetHints":{"allow":["GET"]}}],"collection":[{"href":"https:\/\/alanfilms.com.tr\/tr\/wp-json\/wp\/v2\/pages"}],"about":[{"href":"https:\/\/alanfilms.com.tr\/tr\/wp-json\/wp\/v2\/types\/page"}],"author":[{"embeddable":true,"href":"https:\/\/alanfilms.com.tr\/tr\/wp-json\/wp\/v2\/users\/1"}],"replies":[{"embeddable":true,"href":"https:\/\/alanfilms.com.tr\/tr\/wp-json\/wp\/v2\/comments?post=381"}],"version-history":[{"count":3,"href":"https:\/\/alanfilms.com.tr\/tr\/wp-json\/wp\/v2\/pages\/381\/revisions"}],"predecessor-version":[{"id":1095,"href":"https:\/\/alanfilms.com.tr\/tr\/wp-json\/wp\/v2\/pages\/381\/revisions\/1095"}],"wp:attachment":[{"href":"https:\/\/alanfilms.com.tr\/tr\/wp-json\/wp\/v2\/media?parent=381"}],"curies":[{"name":"wp","href":"https:\/\/api.w.org\/{rel}","templated":true}]}}